{"id":10777,"date":"2023-10-19T21:22:20","date_gmt":"2023-10-19T12:22:20","guid":{"rendered":"https:\/\/www.hanaromarkt.de\/?page_id=10777"},"modified":"2023-12-12T23:43:31","modified_gmt":"2023-12-12T14:43:31","slug":"agb","status":"publish","type":"page","link":"https:\/\/www.hanaromarkt.de\/en\/agb\/","title":{"rendered":"AGB"},"content":{"rendered":"<div data-elementor-type=\"wp-page\" data-elementor-id=\"10777\" class=\"elementor elementor-10777\" data-elementor-post-type=\"page\">\n\t\t\t\t<div class=\"elementor-element elementor-element-7154c230 e-flex e-con-boxed e-con e-parent\" data-id=\"7154c230\" data-element_type=\"container\" data-e-type=\"container\">\n\t\t\t\t\t<div class=\"e-con-inner\">\n\t\t\t\t<div class=\"elementor-element elementor-element-7c73c66 elementor-widget elementor-widget-text-editor\" data-id=\"7c73c66\" data-element_type=\"widget\" data-e-type=\"widget\" data-widget_type=\"text-editor.default\">\n\t\t\t\t<div class=\"elementor-widget-container\">\n\t\t\t\t\t\t\t\t\t<p>Allgemeine Gesch\u00e4ftsbedingungen (AGB) f\u00fcr die Website des HANARO MARKT<\/p>\n<p style=\"margin: 0cm 0cm 22.5pt; background-image: initial; background-position: initial; background-size: initial; background-repeat: initial; background-attachment: initial; background-origin: initial; background-clip: initial;\"><b><span lang=\"DE\" style=\"font-family: Roboto;\">1. Willkommen<o:p><\/o:p><\/span><\/b><\/p>\n<p style=\"margin: 0cm 0cm 22.5pt; background-image: initial; background-position: initial; background-size: initial; background-repeat: initial; background-attachment: initial; background-origin: initial; background-clip: initial;\"><b><span lang=\"DE\" style=\"font-family: Roboto;\">Herzlich Willkommen auf der Website des HANARO MARKT <\/span><\/b><span lang=\"EN-US\" style=\"color:black;mso-color-alt:windowtext\"><a href=\"http:\/\/www.hanaromarkt.de\/en\/\"><b><span lang=\"DE\" style=\"font-family:Roboto; mso-ansi-language:DE\">www.hanaromarkt.de<\/span><\/b><\/a><\/span><b><span lang=\"DE\" style=\"font-family: Roboto;\">. Bei der Nutzung<br>der Website bitten wir Sie, die folgenden Allgemeinen Gesch\u00e4ftsbedingungen<br>(nachfolgend: \u201eAGB\u201c) zu beachten.<o:p><\/o:p><\/span><\/b><\/p>\n<p style=\"margin: 0cm 0cm 22.5pt; background-image: initial; background-position: initial; background-size: initial; background-repeat: initial; background-attachment: initial; background-origin: initial; background-clip: initial;\"><b><span lang=\"DE\" style=\"font-family: Roboto;\">2. Geltungsbereich<\/span><\/b><\/p>\n<p style=\"margin: 0cm 0cm 22.5pt; background-image: initial; background-position: initial; background-size: initial; background-repeat: initial; background-attachment: initial; background-origin: initial; background-clip: initial;\"><b style=\"font-family: var( --e-global-typography-primary-font-family ), Sans-serif; text-align: var(--text-align); background-color: var(--nv-site-bg); color: var(--nv-text-color); font-size: var(--bodyfontsize); letter-spacing: var(--bodyletterspacing); text-transform: var(--bodytexttransform);\"><span lang=\"DE\" style=\"font-family: Roboto;\">Diese AGB gelten f\u00fcr die Nutzung der Website <\/span><\/b><span lang=\"EN-US\" style=\"font-family: var( --e-global-typography-primary-font-family ), Sans-serif; font-weight: var( --e-global-typography-primary-font-weight ); text-align: var(--text-align); background-color: var(--nv-site-bg); font-size: var(--bodyfontsize); letter-spacing: var(--bodyletterspacing); text-transform: var(--bodytexttransform); color: black;\"><a href=\"http:\/\/www.hanaromarkt.de\/en\/\"><b><span lang=\"DE\" style=\"font-family:Roboto; mso-ansi-language:DE\">www.hanaromarkt.de<\/span><\/b><\/a><\/span><b style=\"font-family: var( --e-global-typography-primary-font-family ), Sans-serif; text-align: var(--text-align); background-color: var(--nv-site-bg); color: var(--nv-text-color); font-size: var(--bodyfontsize); letter-spacing: var(--bodyletterspacing); text-transform: var(--bodytexttransform);\"><span lang=\"DE\" style=\"font-family: Roboto;\">. Mit der Nutzung<br>der Website erkl\u00e4ren Sie sich mit den AGB einverstanden.<\/span><\/b><\/p>\n<p style=\"margin: 0cm 0cm 22.5pt; background-image: initial; background-position: initial; background-size: initial; background-repeat: initial; background-attachment: initial; background-origin: initial; background-clip: initial;\"><b><span lang=\"DE\" style=\"font-family: Roboto;\">3. Inhalte der Website<o:p><\/o:p><\/span><\/b><\/p>\n<p style=\"margin: 0cm 0cm 22.5pt; background-image: initial; background-position: initial; background-size: initial; background-repeat: initial; background-attachment: initial; background-origin: initial; background-clip: initial;\"><b><span lang=\"DE\" style=\"font-family: Roboto;\">Alle auf der Website ver\u00f6ffentlichten Inhalte und<br>Informationen dienen ausschlie\u00dflich Informations- und Werbezwecken und sind<br>rechtlich unverbindlich. HANARO MARKT beh\u00e4lt sich das Recht vor, Inhalte<br>jederzeit zu \u00e4ndern, aktualisieren und einzustellen.<o:p><\/o:p><\/span><\/b><\/p>\n<p style=\"background-image: initial; background-position: initial; background-size: initial; background-repeat: initial; background-attachment: initial; background-origin: initial; background-clip: initial;\"><b><span lang=\"DE\" style=\"font-family: Roboto;\">Als Diensteanbieter sind wir gem\u00e4\u00df \u00a7 7<br>Abs.1 TMG f\u00fcr eigene Inhalte auf diesen Seiten nach den allgemeinen Gesetzen<br>verantwortlich. Nach \u00a7\u00a7 8 bis 10 TMG sind wir als Diensteanbieter jedoch nicht<br>verpflichtet, \u00fcbermittelte oder gespeicherte fremde Informationen zu \u00fcberwachen<br>oder nach Umst\u00e4nden zu forschen, die auf eine rechtswidrige T\u00e4tigkeit<br>hinweisen. Verpflichtungen zur Entfernung oder Sperrung der Nutzung von<br>Informationen nach den allgemeinen Gesetzen bleiben hiervon unber\u00fchrt.<o:p><\/o:p><\/span><\/b><\/p>\n<p style=\"margin: 0cm 0cm 22.5pt; background-image: initial; background-position: initial; background-size: initial; background-repeat: initial; background-attachment: initial; background-origin: initial; background-clip: initial;\"><b><span lang=\"DE\" style=\"font-family: Roboto;\">4. Urheberrecht<o:p><\/o:p><\/span><\/b><\/p>\n<p style=\"margin: 0cm 0cm 22.5pt; background-image: initial; background-position: initial; background-size: initial; background-repeat: initial; background-attachment: initial; background-origin: initial; background-clip: initial;\"><b><span lang=\"DE\" style=\"font-family: Roboto;\">Alle auf der Website ver\u00f6ffentlichten Inhalte, Logos,<br>Bilder, Texte und andere Verm\u00f6genswerte geh\u00f6ren HANARO MARKT und d\u00fcrfen nicht<br>ohne schriftliche Zustimmung kopiert oder verwendet werden.<o:p><\/o:p><\/span><\/b><\/p>\n<p style=\"margin: 0cm 0cm 22.5pt; background-image: initial; background-position: initial; background-size: initial; background-repeat: initial; background-attachment: initial; background-origin: initial; background-clip: initial;\"><b><span lang=\"DE\" style=\"font-family: Roboto;\">5. Haftungsbeschr\u00e4nkung<o:p><\/o:p><\/span><\/b><\/p>\n<p style=\"margin: 0cm 0cm 22.5pt; background-image: initial; background-position: initial; background-size: initial; background-repeat: initial; background-attachment: initial; background-origin: initial; background-clip: initial;\"><b><span lang=\"DE\" style=\"font-family: Roboto;\">HANARO MARKT \u00fcbernimmt keine Gew\u00e4hr f\u00fcr die Richtigkeit,<br>Vollst\u00e4ndigkeit und Aktualit\u00e4t der auf der Website ver\u00f6ffentlichten<br>Informationen. Der Betreiber haftet nicht f\u00fcr Probleme oder Verluste, die durch<br>die Nutzung der Website entstehen.<o:p><\/o:p><\/span><\/b><\/p>\n<p style=\"margin: 0cm 0cm 22.5pt; background-image: initial; background-position: initial; background-size: initial; background-repeat: initial; background-attachment: initial; background-origin: initial; background-clip: initial;\"><b><span lang=\"DE\" style=\"font-family: Roboto;\">6. Verlinkungen<o:p><\/o:p><\/span><\/b><\/p>\n<p style=\"margin: 0cm 0cm 22.5pt; background-image: initial; background-position: initial; background-size: initial; background-repeat: initial; background-attachment: initial; background-origin: initial; background-clip: initial;\"><b><span lang=\"DE\" style=\"font-family: Roboto;\">Auf der Website k\u00f6nnen Links zu externen Websites<br>enthalten sein. Bei Links handelt es sich stets um dynamische Verweisungen. Der<br>HANARO MARKT hat bei der erstmaligen Verkn\u00fcpfung zwar den fremden Inhalt<br>daraufhin \u00fcberpr\u00fcft, ob durch ihn eine m\u00f6gliche zivilrechtliche oder<br>strafrechtliche Verantwortlichkeit ausgel\u00f6st wird. Sie \u00fcberpr\u00fcft aber die<br>Inhalte, auf die sie in ihrem Angebot verweist, nicht st\u00e4ndig auf<br>Ver\u00e4nderungen, die eine Verantwortlichkeit neu begr\u00fcnden k\u00f6nnten. HANARO MARKT<br>\u00fcbernimmt keine Verantwortung f\u00fcr den Inhalt oder die Richtlinien solcher<br>externen Websites. Wenn festgestellt oder von anderen darauf hingewiesen wird,<br>dass ein konkretes Angebot, zu dem sie einen Link bereitgestellt hat, eine<br>zivil- oder strafrechtliche Verantwortlichkeit ausl\u00f6st, wird der Verweis auf<br>dieses Angebot aufgehoben.<o:p><\/o:p><\/span><\/b><\/p>\n<p style=\"margin: 0cm 0cm 22.5pt; background-image: initial; background-position: initial; background-size: initial; background-repeat: initial; background-attachment: initial; background-origin: initial; background-clip: initial;\"><b><span lang=\"DE\" style=\"font-family: Roboto;\">7. Datenschutz<o:p><\/o:p><\/span><\/b><\/p>\n<p style=\"margin: 0cm 0cm 22.5pt; background-image: initial; background-position: initial; background-size: initial; background-repeat: initial; background-attachment: initial; background-origin: initial; background-clip: initial;\"><b><span lang=\"DE\" style=\"font-family: Roboto;\">Die Verarbeitung von personenbezogenen Daten der<br>Website-Nutzer erfolgt gem\u00e4\u00df unserer Datenschutzrichtlinien. Weitere<br>Informationen zur Datenschutzrichtlinie finden Sie auf der Website.<o:p><\/o:p><\/span><\/b><\/p>\n<p style=\"margin: 0cm 0cm 22.5pt; background-image: initial; background-position: initial; background-size: initial; background-repeat: initial; background-attachment: initial; background-origin: initial; background-clip: initial;\"><b><span lang=\"DE\" style=\"font-family: Roboto;\">8. Kontakt<o:p><\/o:p><\/span><\/b><\/p>\n<p style=\"margin: 0cm 0cm 22.5pt; background-image: initial; background-position: initial; background-size: initial; background-repeat: initial; background-attachment: initial; background-origin: initial; background-clip: initial;\"><b><span lang=\"DE\" style=\"font-family: Roboto;\">Bei Fragen oder Anliegen zur Nutzung der Website k\u00f6nnen<br>Sie uns wie folgt kontaktieren:<o:p><\/o:p><\/span><\/b><\/p>\n<p style=\"margin: 0cm 0cm 22.5pt; background-image: initial; background-position: initial; background-size: initial; background-repeat: initial; background-attachment: initial; background-origin: initial; background-clip: initial;\"><b><span lang=\"DE\" style=\"font-family: Roboto;\">Adresse:&nbsp;<\/span><\/b><b><span lang=\"DE\" style=\"font-size:10.5pt;font-family:&quot;Arial&quot;,sans-serif;color:#202124; mso-ansi-language:DE\">Immermannstra\u00dfe 45C, 40210 D\u00fcsseldorf<\/span><\/b><b><span lang=\"DE\" style=\"font-family: Roboto;\"><o:p><\/o:p><\/span><\/b><\/p>\n<p style=\"margin: 0cm 0cm 22.5pt; background-image: initial; background-position: initial; background-size: initial; background-repeat: initial; background-attachment: initial; background-origin: initial; background-clip: initial;\"><b><span lang=\"DE\" style=\"font-family: Roboto;\">E-Mail: info@hanaromarkt.de<o:p><\/o:p><\/span><\/b><\/p>\n<p style=\"margin: 0cm 0cm 22.5pt; background-image: initial; background-position: initial; background-size: initial; background-repeat: initial; background-attachment: initial; background-origin: initial; background-clip: initial;\"><b style=\"font-family: var( --e-global-typography-primary-font-family ), Sans-serif; text-align: var(--text-align); background-color: var(--nv-site-bg); color: var(--nv-text-color); font-size: var(--bodyfontsize); letter-spacing: var(--bodyletterspacing); text-transform: var(--bodytexttransform);\"><span lang=\"DE\" style=\"font-family: Roboto;\">9. G\u00fcltigkeit<\/span><\/b><br><\/p>\n<p style=\"margin: 0cm 0cm 22.5pt; background-image: initial; background-position: initial; background-size: initial; background-repeat: initial; background-attachment: initial; background-origin: initial; background-clip: initial;\"><b><span lang=\"DE\" style=\"font-family: Roboto;\">Diese AGB sind ab dem 01.12.2023 g\u00fcltig und k\u00f6nnen in der Zukunft<br>ge\u00e4ndert werden.&nbsp;<\/span><\/b><b style=\"font-family: var( --e-global-typography-primary-font-family ), Sans-serif; text-align: var(--text-align); background-color: var(--nv-site-bg); color: var(--nv-text-color); font-size: var(--bodyfontsize); letter-spacing: var(--bodyletterspacing); text-transform: var(--bodytexttransform);\"><span lang=\"DE\" style=\"font-family: Roboto;\">Diese AGB und deren Inhalt k\u00f6nnen an die Zielsetzung der<br>Website und die Interaktion mit den Nutzern angepasst werden. Bitte \u00fcberpr\u00fcfen<br>Sie unsere AGB regelm\u00e4\u00dfig und aktualisieren Sie diese gem\u00e4\u00df den Betriebsregeln<br>der Website und den geltenden Gesetzen.<\/span><\/b><\/p>\n<p><\/p>\n<p style=\"margin: 0cm 0cm 22.5pt; background-image: initial; background-position: initial; background-size: initial; background-repeat: initial; background-attachment: initial; background-origin: initial; background-clip: initial;\"><b><span lang=\"DE\" style=\"font-family: Roboto;\">Quelle: Berliner Beauftragte f\u00fcr Datenschutz und<br>Informationsfreiheit<o:p><\/o:p><\/span><\/b><\/p>\n<p><\/p>\t\t\t\t\t\t\t\t<\/div>\n\t\t\t\t<\/div>\n\t\t\t\t\t<\/div>\n\t\t\t\t<\/div>\n\t\t\t\t<\/div>","protected":false},"excerpt":{"rendered":"<p>Allgemeine Gesch\u00e4ftsbedingungen (AGB) f\u00fcr die Website des HANARO MARKT 1. Willkommen Herzlich Willkommen auf der Website des HANARO MARKT www.hanaromarkt.de. Bei der Nutzungder Website bitten wir Sie, die folgenden Allgemeinen Gesch\u00e4ftsbedingungen(nachfolgend: \u201eAGB\u201c) zu beachten. 2. Geltungsbereich Diese AGB gelten f\u00fcr die Nutzung der Website www.hanaromarkt.de. Mit der Nutzungder Website erkl\u00e4ren Sie sich mit den AGB&hellip;&nbsp;<a href=\"https:\/\/www.hanaromarkt.de\/en\/agb\/\" class=\"\" rel=\"bookmark\">Read More &raquo;<span class=\"screen-reader-text\">AGB<\/span><\/a><\/p>","protected":false},"author":1,"featured_media":0,"parent":0,"menu_order":0,"comment_status":"closed","ping_status":"closed","template":"","meta":{"neve_meta_sidebar":"","neve_meta_container":"","neve_meta_enable_content_width":"","neve_meta_content_width":0,"neve_meta_title_alignment":"","neve_meta_author_avatar":"","neve_post_elements_order":"","neve_meta_disable_header":"","neve_meta_disable_footer":"","neve_meta_disable_title":"","footnotes":""},"class_list":["post-10777","page","type-page","status-publish","hentry"],"_links":{"self":[{"href":"https:\/\/www.hanaromarkt.de\/en\/wp-json\/wp\/v2\/pages\/10777","targetHints":{"allow":["GET"]}}],"collection":[{"href":"https:\/\/www.hanaromarkt.de\/en\/wp-json\/wp\/v2\/pages"}],"about":[{"href":"https:\/\/www.hanaromarkt.de\/en\/wp-json\/wp\/v2\/types\/page"}],"author":[{"embeddable":true,"href":"https:\/\/www.hanaromarkt.de\/en\/wp-json\/wp\/v2\/users\/1"}],"replies":[{"embeddable":true,"href":"https:\/\/www.hanaromarkt.de\/en\/wp-json\/wp\/v2\/comments?post=10777"}],"version-history":[{"count":16,"href":"https:\/\/www.hanaromarkt.de\/en\/wp-json\/wp\/v2\/pages\/10777\/revisions"}],"predecessor-version":[{"id":11459,"href":"https:\/\/www.hanaromarkt.de\/en\/wp-json\/wp\/v2\/pages\/10777\/revisions\/11459"}],"wp:attachment":[{"href":"https:\/\/www.hanaromarkt.de\/en\/wp-json\/wp\/v2\/media?parent=10777"}],"curies":[{"name":"wp","href":"https:\/\/api.w.org\/{rel}","templated":true}]}}