{"id":10809,"date":"2023-10-19T21:59:31","date_gmt":"2023-10-19T12:59:31","guid":{"rendered":"https:\/\/www.hanaromarkt.de\/?page_id=10809"},"modified":"2025-03-07T00:23:08","modified_gmt":"2025-03-06T15:23:08","slug":"home_main","status":"publish","type":"page","link":"https:\/\/www.hanaromarkt.de\/en\/","title":{"rendered":"Home_main"},"content":{"rendered":"<style>\/*! elementor - v3.18.0 - 20-12-2023 *\/\n.elementor-column .elementor-spacer-inner{height:var(--spacer-size)}.e-con{--container-widget-width:100%}.e-con-inner>.elementor-widget-spacer,.e-con>.elementor-widget-spacer{width:var(--container-widget-width,var(--spacer-size));--align-self:var(--container-widget-align-self,initial);--flex-shrink:0}.e-con-inner>.elementor-widget-spacer>.elementor-widget-container,.e-con>.elementor-widget-spacer>.elementor-widget-container{height:100%;width:100%}.e-con-inner>.elementor-widget-spacer>.elementor-widget-container>.elementor-spacer,.e-con>.elementor-widget-spacer>.elementor-widget-container>.elementor-spacer{height:100%}.e-con-inner>.elementor-widget-spacer>.elementor-widget-container>.elementor-spacer>.elementor-spacer-inner,.e-con>.elementor-widget-spacer>.elementor-widget-container>.elementor-spacer>.elementor-spacer-inner{height:var(--container-widget-height,var(--spacer-size))}.e-con-inner>.elementor-widget-spacer.elementor-widget-empty,.e-con>.elementor-widget-spacer.elementor-widget-empty{position:relative;min-height:22px;min-width:22px}.e-con-inner>.elementor-widget-spacer.elementor-widget-empty .elementor-widget-empty-icon,.e-con>.elementor-widget-spacer.elementor-widget-empty .elementor-widget-empty-icon{position:absolute;top:0;bottom:0;left:0;right:0;margin:auto;padding:0;width:22px;height:22px}<\/style>\n<style>\/*! elementor - v3.18.0 - 20-12-2023 *\/\n.elementor-heading-title{padding:0;margin:0;line-height:1}.elementor-widget-heading .elementor-heading-title[class*=elementor-size-]>a{color:inherit;font-size:inherit;line-height:inherit}.elementor-widget-heading .elementor-heading-title.elementor-size-small{font-size:15px}.elementor-widget-heading .elementor-heading-title.elementor-size-medium{font-size:19px}.elementor-widget-heading .elementor-heading-title.elementor-size-large{font-size:29px}.elementor-widget-heading .elementor-heading-title.elementor-size-xl{font-size:39px}.elementor-widget-heading .elementor-heading-title.elementor-size-xxl{font-size:59px}<\/style>\n<h2>Willkommen bei HANAROMARKT<\/h2>\n<style>\/*! elementor - v3.18.0 - 20-12-2023 *\/\n.elementor-widget-image{text-align:center}.elementor-widget-image a{display:inline-block}.elementor-widget-image a img[src$=\".svg\"]{width:48px}.elementor-widget-image img{vertical-align:middle;display:inline-block}<\/style>\n<p>\t\t\t\t\t\t\t\t\t\t\t\t<img fetchpriority=\"high\" decoding=\"async\" width=\"1024\" height=\"1024\" src=\"https:\/\/www.hanaromarkt.de\/wp-content\/uploads\/2023\/09\/Untitled-1-1024x1024.png\" alt=\"\" srcset=\"https:\/\/www.hanaromarkt.de\/wp-content\/uploads\/2023\/09\/Untitled-1-1024x1024.png 1024w, https:\/\/www.hanaromarkt.de\/wp-content\/uploads\/2023\/09\/Untitled-1-300x300.png 300w, https:\/\/www.hanaromarkt.de\/wp-content\/uploads\/2023\/09\/Untitled-1-150x150.png 150w, https:\/\/www.hanaromarkt.de\/wp-content\/uploads\/2023\/09\/Untitled-1-768x768.png 768w, https:\/\/www.hanaromarkt.de\/wp-content\/uploads\/2023\/09\/Untitled-1-1536x1536.png 1536w, https:\/\/www.hanaromarkt.de\/wp-content\/uploads\/2023\/09\/Untitled-1-2048x2048.png 2048w, https:\/\/www.hanaromarkt.de\/wp-content\/uploads\/2023\/09\/Untitled-1-12x12.png 12w, https:\/\/www.hanaromarkt.de\/wp-content\/uploads\/2023\/09\/Untitled-1-720x720.png 720w\" sizes=\"(max-width: 1024px) 100vw, 1024px\" \/>\t\t\t\t\t\t\t\t\t\t\t\t\t\t\t<\/p>\n<p><strong>Adresse<\/strong><br \/>Immermannstra\u00dfe 45c in 40210 D\u00fcsseldorf<\/p>\n<p><strong>Ge\u00f6ffnet von<\/strong><br \/>Montag bis Samstag<br \/>9.30 Uhr bis 20.00 Uhr<\/p>\n<p><strong>Tel.<\/strong><br \/>(+49) 0211 &#8211; 36 99 22<\/p>\n<p><strong>Email.<\/strong><br \/>info@hanaromarkt.de<\/p>\n<p><strong>Parken<\/strong><br \/>CLAYTON HOTEL<br \/>Tiefgarage Deutsch Japanisches Center<br \/>Charlottenstra\u00dfe 80, 40210 D\u00fcsseldorf<br \/>Parkgeb\u00fchren: ca. 3 Euro\/Stunde, 10 Euro\/Tag<\/p>\n","protected":false},"excerpt":{"rendered":"<p>Willkommen bei HANAROMARKT AdresseImmermannstra\u00dfe 45c in 40210 D\u00fcsseldorf Ge\u00f6ffnet vonMontag bis Samstag9.30 Uhr bis 20.00 Uhr Tel.(+49) 0211 &#8211; 36 99 22 Email.info@hanaromarkt.de ParkenCLAYTON HOTELTiefgarage Deutsch Japanisches CenterCharlottenstra\u00dfe 80, 40210 D\u00fcsseldorfParkgeb\u00fchren: ca. 3 Euro\/Stunde, 10 Euro\/Tag<\/p>","protected":false},"author":1,"featured_media":12031,"parent":0,"menu_order":0,"comment_status":"closed","ping_status":"closed","template":"","meta":{"neve_meta_sidebar":"","neve_meta_container":"","neve_meta_enable_content_width":"","neve_meta_content_width":0,"neve_meta_title_alignment":"","neve_meta_author_avatar":"","neve_post_elements_order":"","neve_meta_disable_header":"","neve_meta_disable_footer":"","neve_meta_disable_title":"","footnotes":""},"class_list":["post-10809","page","type-page","status-publish","has-post-thumbnail","hentry"],"_links":{"self":[{"href":"https:\/\/www.hanaromarkt.de\/en\/wp-json\/wp\/v2\/pages\/10809","targetHints":{"allow":["GET"]}}],"collection":[{"href":"https:\/\/www.hanaromarkt.de\/en\/wp-json\/wp\/v2\/pages"}],"about":[{"href":"https:\/\/www.hanaromarkt.de\/en\/wp-json\/wp\/v2\/types\/page"}],"author":[{"embeddable":true,"href":"https:\/\/www.hanaromarkt.de\/en\/wp-json\/wp\/v2\/users\/1"}],"replies":[{"embeddable":true,"href":"https:\/\/www.hanaromarkt.de\/en\/wp-json\/wp\/v2\/comments?post=10809"}],"version-history":[{"count":7,"href":"https:\/\/www.hanaromarkt.de\/en\/wp-json\/wp\/v2\/pages\/10809\/revisions"}],"predecessor-version":[{"id":11884,"href":"https:\/\/www.hanaromarkt.de\/en\/wp-json\/wp\/v2\/pages\/10809\/revisions\/11884"}],"wp:featuredmedia":[{"embeddable":true,"href":"https:\/\/www.hanaromarkt.de\/en\/wp-json\/wp\/v2\/media\/12031"}],"wp:attachment":[{"href":"https:\/\/www.hanaromarkt.de\/en\/wp-json\/wp\/v2\/media?parent=10809"}],"curies":[{"name":"wp","href":"https:\/\/api.w.org\/{rel}","templated":true}]}}