{"id":63,"date":"2016-04-24T23:40:09","date_gmt":"2016-04-24T14:40:09","guid":{"rendered":"https:\/\/demos.famethemes.com\/glow\/?page_id=63"},"modified":"2026-03-04T00:16:22","modified_gmt":"2026-03-03T15:16:22","slug":"fisch","status":"publish","type":"page","link":"https:\/\/www.hanaromarkt.de\/en\/fisch\/","title":{"rendered":"Fish"},"content":{"rendered":"<p><style>\/*! elementor - v3.21.0 - 26-05-2024 *\/<br \/>\n.elementor-widget-image{text-align:center}.elementor-widget-image a{display:inline-block}.elementor-widget-image a img[src$=\".svg\"]{width:48px}.elementor-widget-image img{vertical-align:middle;display:inline-block}<\/style><\/p>\n<p><img fetchpriority=\"high\" decoding=\"async\" src=\"https:\/\/www.hanaromarkt.de\/wp-content\/uploads\/2023\/12\/fischecke-724x1024.png\" sizes=\"(max-width: 724px) 100vw, 724px\" srcset=\"https:\/\/www.hanaromarkt.de\/wp-content\/uploads\/2023\/12\/fischecke-724x1024.png 724w, https:\/\/www.hanaromarkt.de\/wp-content\/uploads\/2023\/12\/fischecke-212x300.png 212w, https:\/\/www.hanaromarkt.de\/wp-content\/uploads\/2023\/12\/fischecke-768x1086.png 768w, https:\/\/www.hanaromarkt.de\/wp-content\/uploads\/2023\/12\/fischecke-1086x1536.png 1086w, https:\/\/www.hanaromarkt.de\/wp-content\/uploads\/2023\/12\/fischecke-1448x2048.png 1448w\" alt=\"\" width=\"724\" height=\"1024\" \/><\/p>\n<p><strong>Frisch filetiert f\u00fcr Sashimi &amp; Sushi!<\/strong><\/p>\n<p>Im HANARO MARKT finden Sie eine exquisite Auswahl an erstklassigen Meeresfr\u00fcchten f\u00fcr Ihre Sashimi- und Sushi-Kreationen.<\/p>\n<p>Unsere Auswahl umfasst Izumidai (Dorade), Ebi Sushi (Riesengarnele), Hotate (Jakobsmuschel), Unagi (Aal), Sake (in St\u00fccke geschnittener Lachs), Maguro (Thunfisch), Tekka Toro (Thunfischbauch), ganzen Wolfsbarsch, Muscheln (Vongole) und verschiedene Sorten von Haki.<\/p>\n\n\n<p><\/p>\n\n\n\n<p>Tauchen Sie ein in die Welt der frischen Meeresdelikatessen und verw\u00f6hnen Sie Ihren Gaumen mit unseren hochwertigen Produkten.<br>Besuchen Sie uns im HANARO MARKT und lassen Sie sich von der Qualit\u00e4t unserer Meeresfr\u00fcchte \u00fcberzeugen!<\/p>\n\n\n\n<figure class=\"wp-block-image size-large\"><img decoding=\"async\" width=\"1024\" height=\"683\" src=\"https:\/\/www.hanaromarkt.de\/wp-content\/uploads\/2024\/03\/IMG_0486-1024x683.jpg\" alt=\"\" class=\"wp-image-11719\" srcset=\"https:\/\/www.hanaromarkt.de\/wp-content\/uploads\/2024\/03\/IMG_0486-1024x683.jpg 1024w, https:\/\/www.hanaromarkt.de\/wp-content\/uploads\/2024\/03\/IMG_0486-300x200.jpg 300w, https:\/\/www.hanaromarkt.de\/wp-content\/uploads\/2024\/03\/IMG_0486-768x512.jpg 768w, https:\/\/www.hanaromarkt.de\/wp-content\/uploads\/2024\/03\/IMG_0486-1536x1024.jpg 1536w, https:\/\/www.hanaromarkt.de\/wp-content\/uploads\/2024\/03\/IMG_0486-2048x1365.jpg 2048w, https:\/\/www.hanaromarkt.de\/wp-content\/uploads\/2024\/03\/IMG_0486-930x620.jpg 930w\" sizes=\"(max-width: 1024px) 100vw, 1024px\" \/><\/figure>\n\n\n\n<div class=\"wp-block-group is-nowrap is-layout-flex wp-container-core-group-is-layout-ad2f72ca wp-block-group-is-layout-flex\">\n<p> <\/p>\n<\/div>\n\n\n\n<figure class=\"wp-block-image size-large\"><img decoding=\"async\" width=\"1024\" height=\"683\" src=\"https:\/\/www.hanaromarkt.de\/wp-content\/uploads\/2024\/03\/IMG_0328-1024x683.jpg\" alt=\"\" class=\"wp-image-11678\" srcset=\"https:\/\/www.hanaromarkt.de\/wp-content\/uploads\/2024\/03\/IMG_0328-1024x683.jpg 1024w, https:\/\/www.hanaromarkt.de\/wp-content\/uploads\/2024\/03\/IMG_0328-300x200.jpg 300w, https:\/\/www.hanaromarkt.de\/wp-content\/uploads\/2024\/03\/IMG_0328-768x512.jpg 768w, https:\/\/www.hanaromarkt.de\/wp-content\/uploads\/2024\/03\/IMG_0328-1536x1024.jpg 1536w, https:\/\/www.hanaromarkt.de\/wp-content\/uploads\/2024\/03\/IMG_0328-2048x1365.jpg 2048w, https:\/\/www.hanaromarkt.de\/wp-content\/uploads\/2024\/03\/IMG_0328-930x620.jpg 930w\" sizes=\"(max-width: 1024px) 100vw, 1024px\" \/><\/figure>\n\n\n\n<div class=\"wp-block-group is-nowrap is-layout-flex wp-container-core-group-is-layout-ad2f72ca wp-block-group-is-layout-flex\">\n<p> <\/p>\n<\/div>\n\n\n\n<figure class=\"wp-block-image size-large\"><img loading=\"lazy\" decoding=\"async\" width=\"1024\" height=\"683\" src=\"https:\/\/www.hanaromarkt.de\/wp-content\/uploads\/2024\/03\/IMG_0478-1024x683.jpg\" alt=\"\" class=\"wp-image-11711\" srcset=\"https:\/\/www.hanaromarkt.de\/wp-content\/uploads\/2024\/03\/IMG_0478-1024x683.jpg 1024w, https:\/\/www.hanaromarkt.de\/wp-content\/uploads\/2024\/03\/IMG_0478-300x200.jpg 300w, https:\/\/www.hanaromarkt.de\/wp-content\/uploads\/2024\/03\/IMG_0478-768x512.jpg 768w, https:\/\/www.hanaromarkt.de\/wp-content\/uploads\/2024\/03\/IMG_0478-1536x1024.jpg 1536w, https:\/\/www.hanaromarkt.de\/wp-content\/uploads\/2024\/03\/IMG_0478-2048x1365.jpg 2048w, https:\/\/www.hanaromarkt.de\/wp-content\/uploads\/2024\/03\/IMG_0478-930x620.jpg 930w\" sizes=\"(max-width: 1024px) 100vw, 1024px\" \/><\/figure>\n\n\n\n<div class=\"wp-block-group is-nowrap is-layout-flex wp-container-core-group-is-layout-ad2f72ca wp-block-group-is-layout-flex\">\n<p> <\/p>\n<\/div>\n\n\n\n<figure class=\"wp-block-image size-large\"><img loading=\"lazy\" decoding=\"async\" width=\"1024\" height=\"683\" src=\"https:\/\/www.hanaromarkt.de\/wp-content\/uploads\/2024\/03\/IMG_0487-1024x683.jpg\" alt=\"\" class=\"wp-image-11720\" srcset=\"https:\/\/www.hanaromarkt.de\/wp-content\/uploads\/2024\/03\/IMG_0487-1024x683.jpg 1024w, https:\/\/www.hanaromarkt.de\/wp-content\/uploads\/2024\/03\/IMG_0487-300x200.jpg 300w, https:\/\/www.hanaromarkt.de\/wp-content\/uploads\/2024\/03\/IMG_0487-768x512.jpg 768w, https:\/\/www.hanaromarkt.de\/wp-content\/uploads\/2024\/03\/IMG_0487-1536x1024.jpg 1536w, https:\/\/www.hanaromarkt.de\/wp-content\/uploads\/2024\/03\/IMG_0487-2048x1365.jpg 2048w, https:\/\/www.hanaromarkt.de\/wp-content\/uploads\/2024\/03\/IMG_0487-930x620.jpg 930w\" sizes=\"(max-width: 1024px) 100vw, 1024px\" \/><\/figure>\n\n\n\n<p><\/p>\n","protected":false},"excerpt":{"rendered":"<p>Frisch filetiert f\u00fcr Sashimi &amp; Sushi! Im HANARO MARKT finden Sie eine exquisite Auswahl an erstklassigen Meeresfr\u00fcchten f\u00fcr Ihre Sashimi- und Sushi-Kreationen. Unsere Auswahl umfasst Izumidai (Dorade), Ebi Sushi (Riesengarnele), Hotate (Jakobsmuschel), Unagi (Aal), Sake (in St\u00fccke geschnittener Lachs), Maguro (Thunfisch), Tekka Toro (Thunfischbauch), ganzen Wolfsbarsch, Muscheln (Vongole) und verschiedene Sorten von Haki. Tauchen Sie&hellip;&nbsp;<a href=\"https:\/\/www.hanaromarkt.de\/en\/fisch\/\" class=\"\" rel=\"bookmark\">Read More &raquo;<span class=\"screen-reader-text\">Fish<\/span><\/a><\/p>","protected":false},"author":1,"featured_media":11721,"parent":0,"menu_order":0,"comment_status":"closed","ping_status":"closed","template":"","meta":{"neve_meta_sidebar":"","neve_meta_container":"","neve_meta_enable_content_width":"","neve_meta_content_width":0,"neve_meta_title_alignment":"","neve_meta_author_avatar":"","neve_post_elements_order":"","neve_meta_disable_header":"","neve_meta_disable_footer":"","neve_meta_disable_title":"","footnotes":""},"class_list":["post-63","page","type-page","status-publish","has-post-thumbnail","hentry"],"_links":{"self":[{"href":"https:\/\/www.hanaromarkt.de\/en\/wp-json\/wp\/v2\/pages\/63","targetHints":{"allow":["GET"]}}],"collection":[{"href":"https:\/\/www.hanaromarkt.de\/en\/wp-json\/wp\/v2\/pages"}],"about":[{"href":"https:\/\/www.hanaromarkt.de\/en\/wp-json\/wp\/v2\/types\/page"}],"author":[{"embeddable":true,"href":"https:\/\/www.hanaromarkt.de\/en\/wp-json\/wp\/v2\/users\/1"}],"replies":[{"embeddable":true,"href":"https:\/\/www.hanaromarkt.de\/en\/wp-json\/wp\/v2\/comments?post=63"}],"version-history":[{"count":45,"href":"https:\/\/www.hanaromarkt.de\/en\/wp-json\/wp\/v2\/pages\/63\/revisions"}],"predecessor-version":[{"id":12420,"href":"https:\/\/www.hanaromarkt.de\/en\/wp-json\/wp\/v2\/pages\/63\/revisions\/12420"}],"wp:featuredmedia":[{"embeddable":true,"href":"https:\/\/www.hanaromarkt.de\/en\/wp-json\/wp\/v2\/media\/11721"}],"wp:attachment":[{"href":"https:\/\/www.hanaromarkt.de\/en\/wp-json\/wp\/v2\/media?parent=63"}],"curies":[{"name":"wp","href":"https:\/\/api.w.org\/{rel}","templated":true}]}}