{"id":84,"date":"2016-04-25T00:24:56","date_gmt":"2016-04-24T15:24:56","guid":{"rendered":"https:\/\/demos.famethemes.com\/glow\/?page_id=84"},"modified":"2026-03-04T00:21:37","modified_gmt":"2026-03-03T15:21:37","slug":"fleisch","status":"publish","type":"page","link":"https:\/\/www.hanaromarkt.de\/en\/fleisch\/","title":{"rendered":"Meat"},"content":{"rendered":"<div data-elementor-type=\"wp-page\" data-elementor-id=\"84\" class=\"elementor elementor-84\" data-elementor-post-type=\"page\">\n\t\t\t\t<div class=\"elementor-element elementor-element-5cc13a85 e-flex e-con-boxed e-con e-parent\" data-id=\"5cc13a85\" data-element_type=\"container\" data-e-type=\"container\">\n\t\t\t\t\t<div class=\"e-con-inner\">\n\t\t\t\t<div class=\"elementor-element elementor-element-6d99f028 elementor-widget elementor-widget-text-editor\" data-id=\"6d99f028\" data-element_type=\"widget\" data-e-type=\"widget\" data-widget_type=\"text-editor.default\">\n\t\t\t\t<div class=\"elementor-widget-container\">\n\t\t\t\t\t\t\t\t\t\n<figure class=\"wp-block-image size-large is-resized\"><img fetchpriority=\"high\" decoding=\"async\" width=\"724\" height=\"1024\" class=\"wp-image-11192\" style=\"width: 799px; height: auto;\" src=\"https:\/\/www.hanaromarkt.de\/wp-content\/uploads\/2023\/12\/fleischecke-724x1024.png\" alt=\"\" srcset=\"https:\/\/www.hanaromarkt.de\/wp-content\/uploads\/2023\/12\/fleischecke-724x1024.png 724w, https:\/\/www.hanaromarkt.de\/wp-content\/uploads\/2023\/12\/fleischecke-212x300.png 212w, https:\/\/www.hanaromarkt.de\/wp-content\/uploads\/2023\/12\/fleischecke-768x1086.png 768w, https:\/\/www.hanaromarkt.de\/wp-content\/uploads\/2023\/12\/fleischecke-1086x1536.png 1086w, https:\/\/www.hanaromarkt.de\/wp-content\/uploads\/2023\/12\/fleischecke-1448x2048.png 1448w\" sizes=\"(max-width: 724px) 100vw, 724px\" \/><\/figure>\n\n<p><br \/><strong>Willkommen bei der koreanischen Fleischtheke! <\/strong><\/p>\n\n<p>Hier finden Sie frisches und leckeres Rind- und Schweinefleisch. Wir bieten auch mariniertes Fleisch mit k\u00f6stlichen Gew\u00fcrzen an.<\/p>\n\n<p>Probieren Sie unsere Rindfleischmarinade auf Sojaso\u00dfenbasis und die Schweinefleischmarinade in scharfer Chilipaste. Sie werden begeistert sein!<\/p>\n\n<p>Dienstags bis samstags frisch f\u00fcr Sie geschnitten. Sie k\u00f6nnen auch gerne vorbestellen.<\/p>\n\n<ol class=\"wp-block-list\">\n<li><strong>Bulgogi (\ubd88\uace0\uae30)<\/strong> &#8211; &#8218;Feuerfleisch&#8216;, der Name deutet weniger auf die Sch\u00e4rfe des Gerichts hin, sondern vielmehr auf die Zubereitung \u00fcber offenem Feuer.<\/li>\n\n<li><strong>Samgyupsal (\uc0bc\uacb9\uc0b4)<\/strong> ist eine beliebte koreanische Speise. Samgyupsal ist in d\u00fcnne Scheiben geschnittenes Schweinebauchfleisch und wird meist mit Knoblauch angebraten.<\/li>\n\n<li><strong>LA Galbi (LA \uac08\ube44) Korean BBQ <\/strong>Short Rips. So k\u00f6nnen Sie leckeres koreanisches Barbecue auch zu Hause genie\u00dfen.<\/li>\n\n<li><strong>Shabu Shabu<\/strong> ist ein japanisches Feuertopfgericht und kann mit einem Br\u00fchfondue verglichen werden.<\/li>\n<\/ol>\n\n<figure class=\"wp-block-gallery has-nested-images columns-default is-cropped\"><\/figure>\n<!-- \/wp:gallery -->\t\t\t\t\t\t\t\t<\/div>\n\t\t\t\t<\/div>\n\t\t\t\t\t<\/div>\n\t\t\t\t<\/div>\n\t\t<div class=\"elementor-element elementor-element-ef3ebaf e-flex e-con-boxed e-con e-parent\" data-id=\"ef3ebaf\" data-element_type=\"container\" data-e-type=\"container\">\n\t\t\t\t\t<div class=\"e-con-inner\">\n\t\t<div class=\"elementor-element elementor-element-4104074 e-flex e-con-boxed e-con e-child\" data-id=\"4104074\" data-element_type=\"container\" data-e-type=\"container\">\n\t\t\t\t\t<div class=\"e-con-inner\">\n\t\t\t\t<div class=\"elementor-element elementor-element-44b41b6 elementor-widget elementor-widget-gallery\" data-id=\"44b41b6\" data-element_type=\"widget\" data-e-type=\"widget\" data-settings=\"{&quot;columns&quot;:1,&quot;gallery_layout&quot;:&quot;grid&quot;,&quot;columns_tablet&quot;:2,&quot;columns_mobile&quot;:1,&quot;gap&quot;:{&quot;unit&quot;:&quot;px&quot;,&quot;size&quot;:10,&quot;sizes&quot;:[]},&quot;gap_tablet&quot;:{&quot;unit&quot;:&quot;px&quot;,&quot;size&quot;:10,&quot;sizes&quot;:[]},&quot;gap_mobile&quot;:{&quot;unit&quot;:&quot;px&quot;,&quot;size&quot;:10,&quot;sizes&quot;:[]},&quot;aspect_ratio&quot;:&quot;3:2&quot;,&quot;overlay_background&quot;:&quot;yes&quot;,&quot;content_hover_animation&quot;:&quot;fade-in&quot;}\" data-widget_type=\"gallery.default\">\n\t\t\t\t<div class=\"elementor-widget-container\">\n\t\t\t\t\t\t\t<div class=\"elementor-gallery__container\">\n\t\t\t\t\t\t\t<div class=\"e-gallery-item elementor-gallery-item elementor-animated-content\">\n\t\t\t\t\t<div class=\"e-gallery-image elementor-gallery-item__image\" data-thumbnail=\"https:\/\/www.hanaromarkt.de\/wp-content\/uploads\/2024\/03\/IMG_5320-1024x683.jpg\" data-width=\"1024\" data-height=\"683\" aria-label=\"\" role=\"img\" ><\/div>\n\t\t\t\t\t\t\t\t\t\t\t<div class=\"elementor-gallery-item__overlay\"><\/div>\n\t\t\t\t\t\t\t\t\t\t\t\t\t\t<\/div>\n\t\t\t\t\t\t\t<div class=\"e-gallery-item elementor-gallery-item elementor-animated-content\">\n\t\t\t\t\t<div class=\"e-gallery-image elementor-gallery-item__image\" data-thumbnail=\"https:\/\/www.hanaromarkt.de\/wp-content\/uploads\/2024\/03\/IMG_2921-1024x683.jpg\" data-width=\"1024\" data-height=\"683\" aria-label=\"\" role=\"img\" ><\/div>\n\t\t\t\t\t\t\t\t\t\t\t<div class=\"elementor-gallery-item__overlay\"><\/div>\n\t\t\t\t\t\t\t\t\t\t\t\t\t\t<\/div>\n\t\t\t\t\t\t\t<div class=\"e-gallery-item elementor-gallery-item elementor-animated-content\">\n\t\t\t\t\t<div class=\"e-gallery-image elementor-gallery-item__image\" data-thumbnail=\"https:\/\/www.hanaromarkt.de\/wp-content\/uploads\/2024\/03\/IMG_0339-1024x683.jpg\" data-width=\"1024\" data-height=\"683\" aria-label=\"\" role=\"img\" ><\/div>\n\t\t\t\t\t\t\t\t\t\t\t<div class=\"elementor-gallery-item__overlay\"><\/div>\n\t\t\t\t\t\t\t\t\t\t\t\t\t\t<\/div>\n\t\t\t\t\t\t\t<div class=\"e-gallery-item elementor-gallery-item elementor-animated-content\">\n\t\t\t\t\t<div class=\"e-gallery-image elementor-gallery-item__image\" data-thumbnail=\"https:\/\/www.hanaromarkt.de\/wp-content\/uploads\/2024\/03\/IMG_5399-1-1024x683.jpg\" data-width=\"1024\" data-height=\"683\" aria-label=\"\" role=\"img\" ><\/div>\n\t\t\t\t\t\t\t\t\t\t\t<div class=\"elementor-gallery-item__overlay\"><\/div>\n\t\t\t\t\t\t\t\t\t\t\t\t\t\t<\/div>\n\t\t\t\t\t\t\t<div class=\"e-gallery-item elementor-gallery-item elementor-animated-content\">\n\t\t\t\t\t<div class=\"e-gallery-image elementor-gallery-item__image\" data-thumbnail=\"https:\/\/www.hanaromarkt.de\/wp-content\/uploads\/2024\/03\/IMG_1998-1024x683.jpg\" data-width=\"1024\" data-height=\"683\" aria-label=\"\" role=\"img\" ><\/div>\n\t\t\t\t\t\t\t\t\t\t\t<div class=\"elementor-gallery-item__overlay\"><\/div>\n\t\t\t\t\t\t\t\t\t\t\t\t\t\t<\/div>\n\t\t\t\t\t\t\t<div class=\"e-gallery-item elementor-gallery-item elementor-animated-content\">\n\t\t\t\t\t<div class=\"e-gallery-image elementor-gallery-item__image\" data-thumbnail=\"https:\/\/www.hanaromarkt.de\/wp-content\/uploads\/2024\/03\/IMG_0398-1024x683.jpg\" data-width=\"1024\" data-height=\"683\" aria-label=\"\" role=\"img\" ><\/div>\n\t\t\t\t\t\t\t\t\t\t\t<div class=\"elementor-gallery-item__overlay\"><\/div>\n\t\t\t\t\t\t\t\t\t\t\t\t\t\t<\/div>\n\t\t\t\t\t\t\t<div class=\"e-gallery-item elementor-gallery-item elementor-animated-content\">\n\t\t\t\t\t<div class=\"e-gallery-image elementor-gallery-item__image\" data-thumbnail=\"https:\/\/www.hanaromarkt.de\/wp-content\/uploads\/2024\/03\/IMG_0444-1024x683.jpg\" data-width=\"1024\" data-height=\"683\" aria-label=\"\" role=\"img\" ><\/div>\n\t\t\t\t\t\t\t\t\t\t\t<div class=\"elementor-gallery-item__overlay\"><\/div>\n\t\t\t\t\t\t\t\t\t\t\t\t\t\t<\/div>\n\t\t\t\t\t\t\t<div class=\"e-gallery-item elementor-gallery-item elementor-animated-content\">\n\t\t\t\t\t<div class=\"e-gallery-image elementor-gallery-item__image\" data-thumbnail=\"https:\/\/www.hanaromarkt.de\/wp-content\/uploads\/2024\/03\/IMG_2916-1024x683.jpg\" data-width=\"1024\" data-height=\"683\" aria-label=\"\" role=\"img\" ><\/div>\n\t\t\t\t\t\t\t\t\t\t\t<div class=\"elementor-gallery-item__overlay\"><\/div>\n\t\t\t\t\t\t\t\t\t\t\t\t\t\t<\/div>\n\t\t\t\t\t<\/div>\n\t\t\t\t\t<\/div>\n\t\t\t\t<\/div>\n\t\t\t\t\t<\/div>\n\t\t\t\t<\/div>\n\t\t\t\t\t<\/div>\n\t\t\t\t<\/div>\n\t\t\t\t<\/div>","protected":false},"excerpt":{"rendered":"<p>Willkommen bei der koreanischen Fleischtheke! Hier finden Sie frisches und leckeres Rind- und Schweinefleisch. Wir bieten auch mariniertes Fleisch mit k\u00f6stlichen Gew\u00fcrzen an. Probieren Sie unsere Rindfleischmarinade auf Sojaso\u00dfenbasis und die Schweinefleischmarinade in scharfer Chilipaste. Sie werden begeistert sein! Dienstags bis samstags frisch f\u00fcr Sie geschnitten. Sie k\u00f6nnen auch gerne vorbestellen.<\/p>","protected":false},"author":1,"featured_media":11637,"parent":0,"menu_order":0,"comment_status":"closed","ping_status":"closed","template":"","meta":{"neve_meta_sidebar":"","neve_meta_container":"","neve_meta_enable_content_width":"","neve_meta_content_width":0,"neve_meta_title_alignment":"","neve_meta_author_avatar":"","neve_post_elements_order":"","neve_meta_disable_header":"","neve_meta_disable_footer":"","neve_meta_disable_title":"","footnotes":""},"class_list":["post-84","page","type-page","status-publish","has-post-thumbnail","hentry"],"_links":{"self":[{"href":"https:\/\/www.hanaromarkt.de\/en\/wp-json\/wp\/v2\/pages\/84","targetHints":{"allow":["GET"]}}],"collection":[{"href":"https:\/\/www.hanaromarkt.de\/en\/wp-json\/wp\/v2\/pages"}],"about":[{"href":"https:\/\/www.hanaromarkt.de\/en\/wp-json\/wp\/v2\/types\/page"}],"author":[{"embeddable":true,"href":"https:\/\/www.hanaromarkt.de\/en\/wp-json\/wp\/v2\/users\/1"}],"replies":[{"embeddable":true,"href":"https:\/\/www.hanaromarkt.de\/en\/wp-json\/wp\/v2\/comments?post=84"}],"version-history":[{"count":41,"href":"https:\/\/www.hanaromarkt.de\/en\/wp-json\/wp\/v2\/pages\/84\/revisions"}],"predecessor-version":[{"id":12436,"href":"https:\/\/www.hanaromarkt.de\/en\/wp-json\/wp\/v2\/pages\/84\/revisions\/12436"}],"wp:featuredmedia":[{"embeddable":true,"href":"https:\/\/www.hanaromarkt.de\/en\/wp-json\/wp\/v2\/media\/11637"}],"wp:attachment":[{"href":"https:\/\/www.hanaromarkt.de\/en\/wp-json\/wp\/v2\/media?parent=84"}],"curies":[{"name":"wp","href":"https:\/\/api.w.org\/{rel}","templated":true}]}}