{"id":89,"date":"2016-04-25T00:27:58","date_gmt":"2016-04-24T15:27:58","guid":{"rendered":"https:\/\/demos.famethemes.com\/glow\/?page_id=89"},"modified":"2026-03-04T00:23:54","modified_gmt":"2026-03-03T15:23:54","slug":"reiskuchen_tteok","status":"publish","type":"page","link":"https:\/\/www.hanaromarkt.de\/en\/reiskuchen_tteok\/","title":{"rendered":"Reiskuchen : Tteok"},"content":{"rendered":"<div data-elementor-type=\"wp-page\" data-elementor-id=\"89\" class=\"elementor elementor-89\" data-elementor-post-type=\"page\">\n\t\t\t\t<div class=\"elementor-element elementor-element-f21daf1 e-flex e-con-boxed e-con e-parent\" data-id=\"f21daf1\" data-element_type=\"container\" data-e-type=\"container\">\n\t\t\t\t\t<div class=\"e-con-inner\">\n\t\t<div class=\"elementor-element elementor-element-d661ad8 e-con-full e-flex e-con e-child\" data-id=\"d661ad8\" data-element_type=\"container\" data-e-type=\"container\">\n\t\t\t\t<div class=\"elementor-element elementor-element-8b5ebd5 elementor-widget elementor-widget-image\" data-id=\"8b5ebd5\" data-element_type=\"widget\" data-e-type=\"widget\" data-widget_type=\"image.default\">\n\t\t\t\t<div class=\"elementor-widget-container\">\n\t\t\t\t\t\t\t\t\t\t\t\t\t\t\t<img fetchpriority=\"high\" decoding=\"async\" width=\"724\" height=\"1024\" src=\"https:\/\/www.hanaromarkt.de\/wp-content\/uploads\/2024\/10\/HNR-TTEOK-724x1024.png\" class=\"attachment-large size-large wp-image-12043\" alt=\"\" srcset=\"https:\/\/www.hanaromarkt.de\/wp-content\/uploads\/2024\/10\/HNR-TTEOK-724x1024.png 724w, https:\/\/www.hanaromarkt.de\/wp-content\/uploads\/2024\/10\/HNR-TTEOK-212x300.png 212w, https:\/\/www.hanaromarkt.de\/wp-content\/uploads\/2024\/10\/HNR-TTEOK-768x1086.png 768w, https:\/\/www.hanaromarkt.de\/wp-content\/uploads\/2024\/10\/HNR-TTEOK-1086x1536.png 1086w, https:\/\/www.hanaromarkt.de\/wp-content\/uploads\/2024\/10\/HNR-TTEOK-8x12.png 8w, https:\/\/www.hanaromarkt.de\/wp-content\/uploads\/2024\/10\/HNR-TTEOK.png 1200w\" sizes=\"(max-width: 724px) 100vw, 724px\" \/>\t\t\t\t\t\t\t\t\t\t\t\t\t\t\t<\/div>\n\t\t\t\t<\/div>\n\t\t\t\t<\/div>\n\t\t\t\t\t<\/div>\n\t\t\t\t<\/div>\n\t\t<div class=\"elementor-element elementor-element-2464f44e e-flex e-con-boxed e-con e-parent\" data-id=\"2464f44e\" data-element_type=\"container\" data-e-type=\"container\">\n\t\t\t\t\t<div class=\"e-con-inner\">\n\t\t<div class=\"elementor-element elementor-element-8915a5e e-flex e-con-boxed e-con e-child\" data-id=\"8915a5e\" data-element_type=\"container\" data-e-type=\"container\">\n\t\t\t\t\t<div class=\"e-con-inner\">\n\t\t\t\t<div class=\"elementor-element elementor-element-261764c elementor-widget elementor-widget-text-editor\" data-id=\"261764c\" data-element_type=\"widget\" data-e-type=\"widget\" data-widget_type=\"text-editor.default\">\n\t\t\t\t<div class=\"elementor-widget-container\">\n\t\t\t\t\t\t\t\t\t<p>&#8222;Tteok&#8220; ist ein koreanischer Reiskuchen, der aus verschiedenen Reismehlsorten hergestellt wird.<\/p>\n<p>Im HANARO MARKT finden Sie eine Vielfalt an &#8222;Tteok&#8220;, die den Geschmack und die Hingabe Koreas widerspiegeln!<\/p>\t\t\t\t\t\t\t\t<\/div>\n\t\t\t\t<\/div>\n\t\t\t\t\t<\/div>\n\t\t\t\t<\/div>\n\t\t\t\t<div class=\"elementor-element elementor-element-5fce1b4 elementor-widget elementor-widget-gallery\" data-id=\"5fce1b4\" data-element_type=\"widget\" data-e-type=\"widget\" data-settings=\"{&quot;columns&quot;:1,&quot;gallery_layout&quot;:&quot;grid&quot;,&quot;columns_tablet&quot;:2,&quot;columns_mobile&quot;:1,&quot;gap&quot;:{&quot;unit&quot;:&quot;px&quot;,&quot;size&quot;:10,&quot;sizes&quot;:[]},&quot;gap_tablet&quot;:{&quot;unit&quot;:&quot;px&quot;,&quot;size&quot;:10,&quot;sizes&quot;:[]},&quot;gap_mobile&quot;:{&quot;unit&quot;:&quot;px&quot;,&quot;size&quot;:10,&quot;sizes&quot;:[]},&quot;link_to&quot;:&quot;file&quot;,&quot;aspect_ratio&quot;:&quot;3:2&quot;,&quot;overlay_background&quot;:&quot;yes&quot;,&quot;content_hover_animation&quot;:&quot;fade-in&quot;}\" data-widget_type=\"gallery.default\">\n\t\t\t\t<div class=\"elementor-widget-container\">\n\t\t\t\t\t\t\t<div class=\"elementor-gallery__container\">\n\t\t\t\t\t\t\t<a class=\"e-gallery-item elementor-gallery-item elementor-animated-content\" href=\"https:\/\/www.hanaromarkt.de\/wp-content\/uploads\/2024\/02\/IMG_0502-scaled.jpg\" data-elementor-open-lightbox=\"yes\" data-elementor-lightbox-slideshow=\"5fce1b4\" data-elementor-lightbox-title=\"IMG_0502\" data-e-action-hash=\"#elementor-action%3Aaction%3Dlightbox%26settings%3DeyJpZCI6MTE1OTgsInVybCI6Imh0dHBzOlwvXC93d3cuaGFuYXJvbWFya3QuZGVcL3dwLWNvbnRlbnRcL3VwbG9hZHNcLzIwMjRcLzAyXC9JTUdfMDUwMi1zY2FsZWQuanBnIiwic2xpZGVzaG93IjoiNWZjZTFiNCJ9\">\n\t\t\t\t\t<div class=\"e-gallery-image elementor-gallery-item__image\" data-thumbnail=\"https:\/\/www.hanaromarkt.de\/wp-content\/uploads\/2024\/02\/IMG_0502-1024x683.jpg\" data-width=\"1024\" data-height=\"683\" aria-label=\"\" role=\"img\" ><\/div>\n\t\t\t\t\t\t\t\t\t\t\t<div class=\"elementor-gallery-item__overlay\"><\/div>\n\t\t\t\t\t\t\t\t\t\t\t\t\t\t<\/a>\n\t\t\t\t\t\t\t<a class=\"e-gallery-item elementor-gallery-item elementor-animated-content\" href=\"https:\/\/www.hanaromarkt.de\/wp-content\/uploads\/2024\/02\/IMG_0520-scaled.jpg\" data-elementor-open-lightbox=\"yes\" data-elementor-lightbox-slideshow=\"5fce1b4\" data-elementor-lightbox-title=\"IMG_0520\" data-e-action-hash=\"#elementor-action%3Aaction%3Dlightbox%26settings%3DeyJpZCI6MTE2MDMsInVybCI6Imh0dHBzOlwvXC93d3cuaGFuYXJvbWFya3QuZGVcL3dwLWNvbnRlbnRcL3VwbG9hZHNcLzIwMjRcLzAyXC9JTUdfMDUyMC1zY2FsZWQuanBnIiwic2xpZGVzaG93IjoiNWZjZTFiNCJ9\">\n\t\t\t\t\t<div class=\"e-gallery-image elementor-gallery-item__image\" data-thumbnail=\"https:\/\/www.hanaromarkt.de\/wp-content\/uploads\/2024\/02\/IMG_0520-1024x683.jpg\" data-width=\"1024\" data-height=\"683\" aria-label=\"\" role=\"img\" ><\/div>\n\t\t\t\t\t\t\t\t\t\t\t<div class=\"elementor-gallery-item__overlay\"><\/div>\n\t\t\t\t\t\t\t\t\t\t\t\t\t\t<\/a>\n\t\t\t\t\t\t\t<a class=\"e-gallery-item elementor-gallery-item elementor-animated-content\" href=\"https:\/\/www.hanaromarkt.de\/wp-content\/uploads\/2024\/02\/IMG_0505-scaled-e1710338678857.jpg\" data-elementor-open-lightbox=\"yes\" data-elementor-lightbox-slideshow=\"5fce1b4\" data-elementor-lightbox-title=\"IMG_0505\" data-e-action-hash=\"#elementor-action%3Aaction%3Dlightbox%26settings%3DeyJpZCI6MTE2MDEsInVybCI6Imh0dHBzOlwvXC93d3cuaGFuYXJvbWFya3QuZGVcL3dwLWNvbnRlbnRcL3VwbG9hZHNcLzIwMjRcLzAyXC9JTUdfMDUwNS1zY2FsZWQtZTE3MTAzMzg2Nzg4NTcuanBnIiwic2xpZGVzaG93IjoiNWZjZTFiNCJ9\">\n\t\t\t\t\t<div class=\"e-gallery-image elementor-gallery-item__image\" data-thumbnail=\"https:\/\/www.hanaromarkt.de\/wp-content\/uploads\/2024\/02\/IMG_0505-scaled-e1710338678857-1024x714.jpg\" data-width=\"1024\" data-height=\"714\" aria-label=\"\" role=\"img\" ><\/div>\n\t\t\t\t\t\t\t\t\t\t\t<div class=\"elementor-gallery-item__overlay\"><\/div>\n\t\t\t\t\t\t\t\t\t\t\t\t\t\t<\/a>\n\t\t\t\t\t\t\t<a class=\"e-gallery-item elementor-gallery-item elementor-animated-content\" href=\"https:\/\/www.hanaromarkt.de\/wp-content\/uploads\/2024\/02\/IMG_0610-scaled-e1710338915984.jpg\" data-elementor-open-lightbox=\"yes\" data-elementor-lightbox-slideshow=\"5fce1b4\" data-elementor-lightbox-title=\"IMG_0610\" data-e-action-hash=\"#elementor-action%3Aaction%3Dlightbox%26settings%3DeyJpZCI6MTE2MDQsInVybCI6Imh0dHBzOlwvXC93d3cuaGFuYXJvbWFya3QuZGVcL3dwLWNvbnRlbnRcL3VwbG9hZHNcLzIwMjRcLzAyXC9JTUdfMDYxMC1zY2FsZWQtZTE3MTAzMzg5MTU5ODQuanBnIiwic2xpZGVzaG93IjoiNWZjZTFiNCJ9\">\n\t\t\t\t\t<div class=\"e-gallery-image elementor-gallery-item__image\" data-thumbnail=\"https:\/\/www.hanaromarkt.de\/wp-content\/uploads\/2024\/02\/IMG_0610-scaled-e1710338915984-1024x671.jpg\" data-width=\"1024\" data-height=\"671\" aria-label=\"\" role=\"img\" ><\/div>\n\t\t\t\t\t\t\t\t\t\t\t<div class=\"elementor-gallery-item__overlay\"><\/div>\n\t\t\t\t\t\t\t\t\t\t\t\t\t\t<\/a>\n\t\t\t\t\t<\/div>\n\t\t\t\t\t<\/div>\n\t\t\t\t<\/div>\n\t\t\t\t<div class=\"elementor-element elementor-element-1104d12c elementor-widget elementor-widget-text-editor\" data-id=\"1104d12c\" data-element_type=\"widget\" data-e-type=\"widget\" data-widget_type=\"text-editor.default\">\n\t\t\t\t<div class=\"elementor-widget-container\">\n\t\t\t\t\t\t\t\t\t<p><strong>Beispielsorten:<\/strong><\/p>\n<p>\ud325\uc2dc\ub8e8 &#8211; Pat siru (ged\u00e4mpfter Reiskuchen mit gestampften roten Bohnen)<\/p>\n<p>\ubc14\ub78c\ub5a1 &#8211; Baram tteok (gef\u00fcllter Halbmondtteok)<\/p>\n<p>\uc778\uc808\ubbf8 &#8211; Injeolmi (ged\u00e4mpfte Reiskuchen mit Bohnenpulver)<\/p>\n<p>\uafc0\ub5a1 &#8211; Ggul tteok (ged\u00e4mpfte Reiskuchen mit Honig)<\/p>\n<p>\uc808\ud3b8 &#8211; Jeolpyeon (ged\u00e4mpfte Reiskuchenst\u00fccke &#8211; nicht s\u00fc\u00df)<\/p>\n<p><img decoding=\"async\" class=\"alignnone size-full wp-image-11942\" src=\"https:\/\/www.hanaromarkt.de\/wp-content\/uploads\/2024\/06\/\ucd5c\uc885_a4\ub5a1\uc131\ubd84\ud45c2.jpg\" alt=\"\" width=\"1200\" height=\"1697\" srcset=\"https:\/\/www.hanaromarkt.de\/wp-content\/uploads\/2024\/06\/\ucd5c\uc885_a4\ub5a1\uc131\ubd84\ud45c2.jpg 1200w, https:\/\/www.hanaromarkt.de\/wp-content\/uploads\/2024\/06\/\ucd5c\uc885_a4\ub5a1\uc131\ubd84\ud45c2-212x300.jpg 212w, https:\/\/www.hanaromarkt.de\/wp-content\/uploads\/2024\/06\/\ucd5c\uc885_a4\ub5a1\uc131\ubd84\ud45c2-724x1024.jpg 724w, https:\/\/www.hanaromarkt.de\/wp-content\/uploads\/2024\/06\/\ucd5c\uc885_a4\ub5a1\uc131\ubd84\ud45c2-768x1086.jpg 768w, https:\/\/www.hanaromarkt.de\/wp-content\/uploads\/2024\/06\/\ucd5c\uc885_a4\ub5a1\uc131\ubd84\ud45c2-1086x1536.jpg 1086w, https:\/\/www.hanaromarkt.de\/wp-content\/uploads\/2024\/06\/\ucd5c\uc885_a4\ub5a1\uc131\ubd84\ud45c2-720x1018.jpg 720w\" sizes=\"(max-width: 1200px) 100vw, 1200px\" \/><\/p>\n<p>Sie k\u00f6nnen &#8222;Tteok&#8220; auch gerne bei uns vorbestellen:<\/p>\n<ul>\n<li>Die Bestellungen werden in Einheiten von einer Platte aufgegeben, wobei eine Platte 4kg wiegt<\/li>\n<li>Die Mindestbestellmenge betr\u00e4gt eine halbe Platte (2kg)<\/li>\n<li>Die Bestellung kann Montag 9:30Uhr bis Donnerstag 15:00Uhr im HANARO MARKT oder per E-Mail (info@hanaromarkt.de) aufgegeben werden<\/li>\n<li>Bei Bestellung wird um Vorkasse gebeten<\/li>\n<li>Die Abholung ist samstags ab 12:00Uhr direkt im HANARO MARKT<\/li>\n<\/ul>\n<p><\/p>\n<figure class=\"wp-block-image size-large is-resized\"><img decoding=\"async\" width=\"724\" height=\"1024\" class=\"wp-image-11254\" style=\"width: 917px; height: auto;\" src=\"https:\/\/www.hanaromarkt.de\/wp-content\/uploads\/2023\/12\/00.\ub5a1\uc8fc\ubb38\uc548\ub0b4-724x1024.png\" alt=\"\" srcset=\"https:\/\/www.hanaromarkt.de\/wp-content\/uploads\/2023\/12\/00.\ub5a1\uc8fc\ubb38\uc548\ub0b4-724x1024.png 724w, https:\/\/www.hanaromarkt.de\/wp-content\/uploads\/2023\/12\/00.\ub5a1\uc8fc\ubb38\uc548\ub0b4-212x300.png 212w, https:\/\/www.hanaromarkt.de\/wp-content\/uploads\/2023\/12\/00.\ub5a1\uc8fc\ubb38\uc548\ub0b4-768x1086.png 768w, https:\/\/www.hanaromarkt.de\/wp-content\/uploads\/2023\/12\/00.\ub5a1\uc8fc\ubb38\uc548\ub0b4-1086x1536.png 1086w, https:\/\/www.hanaromarkt.de\/wp-content\/uploads\/2023\/12\/00.\ub5a1\uc8fc\ubb38\uc548\ub0b4-1448x2048.png 1448w, https:\/\/www.hanaromarkt.de\/wp-content\/uploads\/2023\/12\/00.\ub5a1\uc8fc\ubb38\uc548\ub0b4.png 1500w\" sizes=\"(max-width: 724px) 100vw, 724px\" \/><\/figure>\n<p><\/p>\n<p><\/p>\n<figure class=\"wp-block-gallery has-nested-images columns-default is-cropped wp-block-gallery-2 is-layout-flex wp-block-gallery-is-layout-flex\"><\/figure>\n<p><\/p>\n<p><\/p>\t\t\t\t\t\t\t\t<\/div>\n\t\t\t\t<\/div>\n\t\t\t\t\t<\/div>\n\t\t\t\t<\/div>\n\t\t\t\t<\/div>","protected":false},"excerpt":{"rendered":"<p>&#8222;Tteok&#8220; ist ein koreanischer Reiskuchen, der aus verschiedenen Reismehlsorten hergestellt wird. Im HANARO MARKT finden Sie eine Vielfalt an &#8222;Tteok&#8220;, die den Geschmack und die Hingabe Koreas widerspiegeln! Beispielsorten: \ud325\uc2dc\ub8e8 &#8211; Pat siru (ged\u00e4mpfter Reiskuchen mit gestampften roten Bohnen) \ubc14\ub78c\ub5a1 &#8211; Baram tteok (gef\u00fcllter Halbmondtteok) \uc778\uc808\ubbf8 &#8211; Injeolmi (ged\u00e4mpfte Reiskuchen mit Bohnenpulver) \uafc0\ub5a1 &#8211; Ggul&hellip;&nbsp;<a href=\"https:\/\/www.hanaromarkt.de\/en\/reiskuchen_tteok\/\" class=\"\" rel=\"bookmark\">Read More &raquo;<span class=\"screen-reader-text\">Reiskuchen : Tteok<\/span><\/a><\/p>","protected":false},"author":1,"featured_media":11596,"parent":0,"menu_order":0,"comment_status":"closed","ping_status":"closed","template":"","meta":{"neve_meta_sidebar":"","neve_meta_container":"","neve_meta_enable_content_width":"","neve_meta_content_width":0,"neve_meta_title_alignment":"","neve_meta_author_avatar":"","neve_post_elements_order":"","neve_meta_disable_header":"","neve_meta_disable_footer":"","neve_meta_disable_title":"","footnotes":""},"class_list":["post-89","page","type-page","status-publish","has-post-thumbnail","hentry"],"_links":{"self":[{"href":"https:\/\/www.hanaromarkt.de\/en\/wp-json\/wp\/v2\/pages\/89","targetHints":{"allow":["GET"]}}],"collection":[{"href":"https:\/\/www.hanaromarkt.de\/en\/wp-json\/wp\/v2\/pages"}],"about":[{"href":"https:\/\/www.hanaromarkt.de\/en\/wp-json\/wp\/v2\/types\/page"}],"author":[{"embeddable":true,"href":"https:\/\/www.hanaromarkt.de\/en\/wp-json\/wp\/v2\/users\/1"}],"replies":[{"embeddable":true,"href":"https:\/\/www.hanaromarkt.de\/en\/wp-json\/wp\/v2\/comments?post=89"}],"version-history":[{"count":47,"href":"https:\/\/www.hanaromarkt.de\/en\/wp-json\/wp\/v2\/pages\/89\/revisions"}],"predecessor-version":[{"id":12442,"href":"https:\/\/www.hanaromarkt.de\/en\/wp-json\/wp\/v2\/pages\/89\/revisions\/12442"}],"wp:featuredmedia":[{"embeddable":true,"href":"https:\/\/www.hanaromarkt.de\/en\/wp-json\/wp\/v2\/media\/11596"}],"wp:attachment":[{"href":"https:\/\/www.hanaromarkt.de\/en\/wp-json\/wp\/v2\/media?parent=89"}],"curies":[{"name":"wp","href":"https:\/\/api.w.org\/{rel}","templated":true}]}}