{"id":9486,"date":"2016-04-24T23:37:46","date_gmt":"2016-04-24T14:37:46","guid":{"rendered":"https:\/\/demos.famethemes.com\/glow-pro\/?page_id=59"},"modified":"2026-03-04T00:25:22","modified_gmt":"2026-03-03T15:25:22","slug":"hausgemachte-beilage","status":"publish","type":"page","link":"https:\/\/www.hanaromarkt.de\/en\/hausgemachte-beilage\/","title":{"rendered":"Homemade side dish"},"content":{"rendered":"<div data-elementor-type=\"wp-page\" data-elementor-id=\"9486\" class=\"elementor elementor-9486\" data-elementor-post-type=\"page\">\n\t\t\t\t<div class=\"elementor-element elementor-element-257a05fc e-flex e-con-boxed e-con e-parent\" data-id=\"257a05fc\" data-element_type=\"container\" data-e-type=\"container\">\n\t\t\t\t\t<div class=\"e-con-inner\">\n\t\t\t\t<div class=\"elementor-element elementor-element-4a3256f2 elementor-widget elementor-widget-text-editor\" data-id=\"4a3256f2\" data-element_type=\"widget\" data-e-type=\"widget\" data-widget_type=\"text-editor.default\">\n\t\t\t\t<div class=\"elementor-widget-container\">\n\t\t\t\t\t\t\t\t\t<p><\/p>\n<p>\u00a0<\/p>\n<p>Bei uns im HANARO MARKT finden Sie neben der Frischetheke eine Theke voller &#8222;Banchan&#8220;.<\/p>\n<p><\/p>\n<p>&#8222;Banchan&#8220; bezeichnet in der koreanischen K\u00fcche kleine Beilagen, die zusammen mit gekochtem Reis serviert werden.<\/p>\n<p><\/p>\n<p>Erleben Sie das authentische Aroma Koreas mit sorgf\u00e4ltig zubereitetem koreanischem Kimchi und einer Vielzahl von &#8222;Banchan&#8220; wie in So\u00dfaso\u00dfe geschmorte Lotuswurzeln und in Chilipaste gebratene Anchovis, die von koreanischen Fachk\u00f6chen vorbereitet werden. Wir importieren frische saisonale Zutaten, um den Geschmack Koreas nach Deutschland zu bringen.<\/p>\n<p><\/p>\n<p>Genie\u00dfen Sie jetzt koreanische &#8222;Banchan&#8220; auch zu Hause.<\/p>\n<p><\/p>\t\t\t\t\t\t\t\t<\/div>\n\t\t\t\t<\/div>\n\t\t\t\t<div class=\"elementor-element elementor-element-781a3fb elementor-widget elementor-widget-gallery\" data-id=\"781a3fb\" data-element_type=\"widget\" data-e-type=\"widget\" data-settings=\"{&quot;columns&quot;:1,&quot;gallery_layout&quot;:&quot;grid&quot;,&quot;columns_tablet&quot;:2,&quot;columns_mobile&quot;:1,&quot;gap&quot;:{&quot;unit&quot;:&quot;px&quot;,&quot;size&quot;:10,&quot;sizes&quot;:[]},&quot;gap_tablet&quot;:{&quot;unit&quot;:&quot;px&quot;,&quot;size&quot;:10,&quot;sizes&quot;:[]},&quot;gap_mobile&quot;:{&quot;unit&quot;:&quot;px&quot;,&quot;size&quot;:10,&quot;sizes&quot;:[]},&quot;link_to&quot;:&quot;file&quot;,&quot;aspect_ratio&quot;:&quot;3:2&quot;,&quot;overlay_background&quot;:&quot;yes&quot;,&quot;content_hover_animation&quot;:&quot;fade-in&quot;}\" data-widget_type=\"gallery.default\">\n\t\t\t\t<div class=\"elementor-widget-container\">\n\t\t\t\t\t\t\t<div class=\"elementor-gallery__container\">\n\t\t\t\t\t\t\t<a class=\"e-gallery-item elementor-gallery-item elementor-animated-content\" href=\"https:\/\/www.hanaromarkt.de\/wp-content\/uploads\/2023\/07\/IMG_5284-scaled-e1710337896458.jpg\" data-elementor-open-lightbox=\"yes\" data-elementor-lightbox-slideshow=\"781a3fb\" data-elementor-lightbox-title=\"IMG_5284\" data-e-action-hash=\"#elementor-action%3Aaction%3Dlightbox%26settings%3DeyJpZCI6MTAzMjgsInVybCI6Imh0dHBzOlwvXC93d3cuaGFuYXJvbWFya3QuZGVcL3dwLWNvbnRlbnRcL3VwbG9hZHNcLzIwMjNcLzA3XC9JTUdfNTI4NC1zY2FsZWQtZTE3MTAzMzc4OTY0NTguanBnIiwic2xpZGVzaG93IjoiNzgxYTNmYiJ9\">\n\t\t\t\t\t<div class=\"e-gallery-image elementor-gallery-item__image\" data-thumbnail=\"https:\/\/www.hanaromarkt.de\/wp-content\/uploads\/2023\/07\/IMG_5284-scaled-e1710337896458-1024x605.jpg\" data-width=\"1024\" data-height=\"605\" aria-label=\"\" role=\"img\" ><\/div>\n\t\t\t\t\t\t\t\t\t\t\t<div class=\"elementor-gallery-item__overlay\"><\/div>\n\t\t\t\t\t\t\t\t\t\t\t\t\t\t<\/a>\n\t\t\t\t\t\t\t<a class=\"e-gallery-item elementor-gallery-item elementor-animated-content\" href=\"https:\/\/www.hanaromarkt.de\/wp-content\/uploads\/2023\/07\/IMG_5283-scaled.jpg\" data-elementor-open-lightbox=\"yes\" data-elementor-lightbox-slideshow=\"781a3fb\" data-elementor-lightbox-title=\"IMG_5283\" data-e-action-hash=\"#elementor-action%3Aaction%3Dlightbox%26settings%3DeyJpZCI6MTAzMjksInVybCI6Imh0dHBzOlwvXC93d3cuaGFuYXJvbWFya3QuZGVcL3dwLWNvbnRlbnRcL3VwbG9hZHNcLzIwMjNcLzA3XC9JTUdfNTI4My1zY2FsZWQuanBnIiwic2xpZGVzaG93IjoiNzgxYTNmYiJ9\">\n\t\t\t\t\t<div class=\"e-gallery-image elementor-gallery-item__image\" data-thumbnail=\"https:\/\/www.hanaromarkt.de\/wp-content\/uploads\/2023\/07\/IMG_5283-1024x683.jpg\" data-width=\"1024\" data-height=\"683\" aria-label=\"\" role=\"img\" ><\/div>\n\t\t\t\t\t\t\t\t\t\t\t<div class=\"elementor-gallery-item__overlay\"><\/div>\n\t\t\t\t\t\t\t\t\t\t\t\t\t\t<\/a>\n\t\t\t\t\t\t\t<a class=\"e-gallery-item elementor-gallery-item elementor-animated-content\" href=\"https:\/\/www.hanaromarkt.de\/wp-content\/uploads\/2024\/02\/IMG_2912-scaled.jpg\" data-elementor-open-lightbox=\"yes\" data-elementor-lightbox-slideshow=\"781a3fb\" data-elementor-lightbox-title=\"IMG_2912\" data-e-action-hash=\"#elementor-action%3Aaction%3Dlightbox%26settings%3DeyJpZCI6MTE1NzYsInVybCI6Imh0dHBzOlwvXC93d3cuaGFuYXJvbWFya3QuZGVcL3dwLWNvbnRlbnRcL3VwbG9hZHNcLzIwMjRcLzAyXC9JTUdfMjkxMi1zY2FsZWQuanBnIiwic2xpZGVzaG93IjoiNzgxYTNmYiJ9\">\n\t\t\t\t\t<div class=\"e-gallery-image elementor-gallery-item__image\" data-thumbnail=\"https:\/\/www.hanaromarkt.de\/wp-content\/uploads\/2024\/02\/IMG_2912-1024x683.jpg\" data-width=\"1024\" data-height=\"683\" aria-label=\"\" role=\"img\" ><\/div>\n\t\t\t\t\t\t\t\t\t\t\t<div class=\"elementor-gallery-item__overlay\"><\/div>\n\t\t\t\t\t\t\t\t\t\t\t\t\t\t<\/a>\n\t\t\t\t\t\t\t<a class=\"e-gallery-item elementor-gallery-item elementor-animated-content\" href=\"https:\/\/www.hanaromarkt.de\/wp-content\/uploads\/2024\/02\/IMG_0428-scaled.jpg\" data-elementor-open-lightbox=\"yes\" data-elementor-lightbox-slideshow=\"781a3fb\" data-elementor-lightbox-title=\"IMG_0428\" data-e-action-hash=\"#elementor-action%3Aaction%3Dlightbox%26settings%3DeyJpZCI6MTE1NjksInVybCI6Imh0dHBzOlwvXC93d3cuaGFuYXJvbWFya3QuZGVcL3dwLWNvbnRlbnRcL3VwbG9hZHNcLzIwMjRcLzAyXC9JTUdfMDQyOC1zY2FsZWQuanBnIiwic2xpZGVzaG93IjoiNzgxYTNmYiJ9\">\n\t\t\t\t\t<div class=\"e-gallery-image elementor-gallery-item__image\" data-thumbnail=\"https:\/\/www.hanaromarkt.de\/wp-content\/uploads\/2024\/02\/IMG_0428-1024x683.jpg\" data-width=\"1024\" data-height=\"683\" aria-label=\"\" role=\"img\" ><\/div>\n\t\t\t\t\t\t\t\t\t\t\t<div class=\"elementor-gallery-item__overlay\"><\/div>\n\t\t\t\t\t\t\t\t\t\t\t\t\t\t<\/a>\n\t\t\t\t\t\t\t<a class=\"e-gallery-item elementor-gallery-item elementor-animated-content\" href=\"https:\/\/www.hanaromarkt.de\/wp-content\/uploads\/2024\/02\/IMG_0437-scaled.jpg\" data-elementor-open-lightbox=\"yes\" data-elementor-lightbox-slideshow=\"781a3fb\" data-elementor-lightbox-title=\"IMG_0437\" data-e-action-hash=\"#elementor-action%3Aaction%3Dlightbox%26settings%3DeyJpZCI6MTE1NzMsInVybCI6Imh0dHBzOlwvXC93d3cuaGFuYXJvbWFya3QuZGVcL3dwLWNvbnRlbnRcL3VwbG9hZHNcLzIwMjRcLzAyXC9JTUdfMDQzNy1zY2FsZWQuanBnIiwic2xpZGVzaG93IjoiNzgxYTNmYiJ9\">\n\t\t\t\t\t<div class=\"e-gallery-image elementor-gallery-item__image\" data-thumbnail=\"https:\/\/www.hanaromarkt.de\/wp-content\/uploads\/2024\/02\/IMG_0437-1024x683.jpg\" data-width=\"1024\" data-height=\"683\" aria-label=\"\" role=\"img\" ><\/div>\n\t\t\t\t\t\t\t\t\t\t\t<div class=\"elementor-gallery-item__overlay\"><\/div>\n\t\t\t\t\t\t\t\t\t\t\t\t\t\t<\/a>\n\t\t\t\t\t\t\t<a class=\"e-gallery-item elementor-gallery-item elementor-animated-content\" href=\"https:\/\/www.hanaromarkt.de\/wp-content\/uploads\/2024\/02\/IMG_0440-scaled.jpg\" data-elementor-open-lightbox=\"yes\" data-elementor-lightbox-slideshow=\"781a3fb\" data-elementor-lightbox-title=\"IMG_0440\" data-e-action-hash=\"#elementor-action%3Aaction%3Dlightbox%26settings%3DeyJpZCI6MTE1NzUsInVybCI6Imh0dHBzOlwvXC93d3cuaGFuYXJvbWFya3QuZGVcL3dwLWNvbnRlbnRcL3VwbG9hZHNcLzIwMjRcLzAyXC9JTUdfMDQ0MC1zY2FsZWQuanBnIiwic2xpZGVzaG93IjoiNzgxYTNmYiJ9\">\n\t\t\t\t\t<div class=\"e-gallery-image elementor-gallery-item__image\" data-thumbnail=\"https:\/\/www.hanaromarkt.de\/wp-content\/uploads\/2024\/02\/IMG_0440-1024x683.jpg\" data-width=\"1024\" data-height=\"683\" aria-label=\"\" role=\"img\" ><\/div>\n\t\t\t\t\t\t\t\t\t\t\t<div class=\"elementor-gallery-item__overlay\"><\/div>\n\t\t\t\t\t\t\t\t\t\t\t\t\t\t<\/a>\n\t\t\t\t\t<\/div>\n\t\t\t\t\t<\/div>\n\t\t\t\t<\/div>\n\t\t\t\t\t<\/div>\n\t\t\t\t<\/div>\n\t\t\t\t<\/div>","protected":false},"excerpt":{"rendered":"<p>\u00a0 Bei uns im HANARO MARKT finden Sie neben der Frischetheke eine Theke voller &#8222;Banchan&#8220;. &#8222;Banchan&#8220; bezeichnet in der koreanischen K\u00fcche kleine Beilagen, die zusammen mit gekochtem Reis serviert werden. Erleben Sie das authentische Aroma Koreas mit sorgf\u00e4ltig zubereitetem koreanischem Kimchi und einer Vielzahl von &#8222;Banchan&#8220; wie in So\u00dfaso\u00dfe geschmorte Lotuswurzeln und in Chilipaste gebratene&hellip;&nbsp;<a href=\"https:\/\/www.hanaromarkt.de\/en\/hausgemachte-beilage\/\" class=\"\" rel=\"bookmark\">Read More &raquo;<span class=\"screen-reader-text\">Homemade side dish<\/span><\/a><\/p>","protected":false},"author":1,"featured_media":11575,"parent":0,"menu_order":0,"comment_status":"closed","ping_status":"closed","template":"","meta":{"neve_meta_sidebar":"","neve_meta_container":"","neve_meta_enable_content_width":"","neve_meta_content_width":0,"neve_meta_title_alignment":"","neve_meta_author_avatar":"","neve_post_elements_order":"","neve_meta_disable_header":"","neve_meta_disable_footer":"","neve_meta_disable_title":"","footnotes":""},"class_list":["post-9486","page","type-page","status-publish","has-post-thumbnail","hentry"],"_links":{"self":[{"href":"https:\/\/www.hanaromarkt.de\/en\/wp-json\/wp\/v2\/pages\/9486","targetHints":{"allow":["GET"]}}],"collection":[{"href":"https:\/\/www.hanaromarkt.de\/en\/wp-json\/wp\/v2\/pages"}],"about":[{"href":"https:\/\/www.hanaromarkt.de\/en\/wp-json\/wp\/v2\/types\/page"}],"author":[{"embeddable":true,"href":"https:\/\/www.hanaromarkt.de\/en\/wp-json\/wp\/v2\/users\/1"}],"replies":[{"embeddable":true,"href":"https:\/\/www.hanaromarkt.de\/en\/wp-json\/wp\/v2\/comments?post=9486"}],"version-history":[{"count":41,"href":"https:\/\/www.hanaromarkt.de\/en\/wp-json\/wp\/v2\/pages\/9486\/revisions"}],"predecessor-version":[{"id":12445,"href":"https:\/\/www.hanaromarkt.de\/en\/wp-json\/wp\/v2\/pages\/9486\/revisions\/12445"}],"wp:featuredmedia":[{"embeddable":true,"href":"https:\/\/www.hanaromarkt.de\/en\/wp-json\/wp\/v2\/media\/11575"}],"wp:attachment":[{"href":"https:\/\/www.hanaromarkt.de\/en\/wp-json\/wp\/v2\/media?parent=9486"}],"curies":[{"name":"wp","href":"https:\/\/api.w.org\/{rel}","templated":true}]}}