{"id":9487,"date":"2016-04-24T23:38:54","date_gmt":"2016-04-24T14:38:54","guid":{"rendered":"https:\/\/demos.famethemes.com\/glow-pro\/?page_id=60"},"modified":"2026-03-04T00:22:28","modified_gmt":"2026-03-03T15:22:28","slug":"gemuse","status":"publish","type":"page","link":"https:\/\/www.hanaromarkt.de\/en\/gemuse\/","title":{"rendered":"Vegetables"},"content":{"rendered":"<div data-elementor-type=\"wp-page\" data-elementor-id=\"9487\" class=\"elementor elementor-9487\" data-elementor-post-type=\"page\">\n\t\t\t\t<div class=\"elementor-element elementor-element-59da423a e-flex e-con-boxed e-con e-parent\" data-id=\"59da423a\" data-element_type=\"container\" data-e-type=\"container\">\n\t\t\t\t\t<div class=\"e-con-inner\">\n\t\t\t\t<div class=\"elementor-element elementor-element-e66c72d elementor-widget elementor-widget-text-editor\" data-id=\"e66c72d\" data-element_type=\"widget\" data-e-type=\"widget\" data-widget_type=\"text-editor.default\">\n\t\t\t\t<div class=\"elementor-widget-container\">\n\t\t\t\t\t\t\t\t\t\n<p><strong>Lernen Sie asiatische Gem\u00fcsesorten kennen, die einen vielf\u00e4ltigen Geschmack in Ihre K\u00fcche bringen.<\/strong><\/p>\n\n<p>Beim HANARO MARKT finden Sie eine Vielzahl von frischen und hochwertigen asiatischen Gem\u00fcsesorten, die als unverzichtbare Zutaten f\u00fcr die asiatische K\u00fcche gelten.<\/p>\n\n<p>Von Pak Choi, Wasserspinat, \u00fcber Thai-Basilikum, Koriander, Minze bis hin zu Mungbohnen- und Sojabohnensprossen sowie Okra &#8211; wir haben alles f\u00fcr Sie da.<\/p>\n\n<p>Entdecken Sie auch eine Auswahl an exotischen tropischen Fr\u00fcchten aus S\u00fcdostasien sowie Limette, Rambutan, Gr\u00fcne Papaya, Mango, Longan und saftige, s\u00fc\u00dfe Fr\u00fcchte wie Fuji-\u00c4pfel und koreanische Birnen.<\/p>\n\n<p>Bei uns finden Sie Wurzelgem\u00fcse wie K\u00fcrbis, S\u00fc\u00dfkartoffeln, Lotuswurzeln und Ingwer sowie eine Vielzahl von asiatischen Chilisorten.<\/p>\n\n<p>Und vergessen Sie nicht unsere vielf\u00e4ltige Auswahl an asiatischen Pilzen zu erkunden, darunter auch Enoki-Pilze.<\/p>\n\t\t\t\t\t\t\t\t<\/div>\n\t\t\t\t<\/div>\n\t\t\t\t\t<\/div>\n\t\t\t\t<\/div>\n\t\t<div class=\"elementor-element elementor-element-3457553 e-flex e-con-boxed e-con e-parent\" data-id=\"3457553\" data-element_type=\"container\" data-e-type=\"container\">\n\t\t\t\t\t<div class=\"e-con-inner\">\n\t\t\t\t<div class=\"elementor-element elementor-element-1fafe9e elementor-widget elementor-widget-gallery\" data-id=\"1fafe9e\" data-element_type=\"widget\" data-e-type=\"widget\" data-settings=\"{&quot;columns&quot;:1,&quot;gallery_layout&quot;:&quot;grid&quot;,&quot;columns_tablet&quot;:2,&quot;columns_mobile&quot;:1,&quot;gap&quot;:{&quot;unit&quot;:&quot;px&quot;,&quot;size&quot;:10,&quot;sizes&quot;:[]},&quot;gap_tablet&quot;:{&quot;unit&quot;:&quot;px&quot;,&quot;size&quot;:10,&quot;sizes&quot;:[]},&quot;gap_mobile&quot;:{&quot;unit&quot;:&quot;px&quot;,&quot;size&quot;:10,&quot;sizes&quot;:[]},&quot;link_to&quot;:&quot;file&quot;,&quot;aspect_ratio&quot;:&quot;3:2&quot;,&quot;overlay_background&quot;:&quot;yes&quot;,&quot;content_hover_animation&quot;:&quot;fade-in&quot;}\" data-widget_type=\"gallery.default\">\n\t\t\t\t<div class=\"elementor-widget-container\">\n\t\t\t\t\t\t\t<div class=\"elementor-gallery__container\">\n\t\t\t\t\t\t\t<a class=\"e-gallery-item elementor-gallery-item elementor-animated-content\" href=\"https:\/\/www.hanaromarkt.de\/wp-content\/uploads\/2024\/01\/IMG_0524-scaled.jpg\" data-elementor-open-lightbox=\"yes\" data-elementor-lightbox-slideshow=\"1fafe9e\" data-elementor-lightbox-title=\"IMG_0524\" data-e-action-hash=\"#elementor-action%3Aaction%3Dlightbox%26settings%3DeyJpZCI6MTEzODQsInVybCI6Imh0dHBzOlwvXC93d3cuaGFuYXJvbWFya3QuZGVcL3dwLWNvbnRlbnRcL3VwbG9hZHNcLzIwMjRcLzAxXC9JTUdfMDUyNC1zY2FsZWQuanBnIiwic2xpZGVzaG93IjoiMWZhZmU5ZSJ9\">\n\t\t\t\t\t<div class=\"e-gallery-image elementor-gallery-item__image\" data-thumbnail=\"https:\/\/www.hanaromarkt.de\/wp-content\/uploads\/2024\/01\/IMG_0524-1024x683.jpg\" data-width=\"1024\" data-height=\"683\" aria-label=\"\" role=\"img\" ><\/div>\n\t\t\t\t\t\t\t\t\t\t\t<div class=\"elementor-gallery-item__overlay\"><\/div>\n\t\t\t\t\t\t\t\t\t\t\t\t\t\t<\/a>\n\t\t\t\t\t\t\t<a class=\"e-gallery-item elementor-gallery-item elementor-animated-content\" href=\"https:\/\/www.hanaromarkt.de\/wp-content\/uploads\/2024\/01\/IMG_0529-scaled.jpg\" data-elementor-open-lightbox=\"yes\" data-elementor-lightbox-slideshow=\"1fafe9e\" data-elementor-lightbox-title=\"IMG_0529\" data-e-action-hash=\"#elementor-action%3Aaction%3Dlightbox%26settings%3DeyJpZCI6MTEzODIsInVybCI6Imh0dHBzOlwvXC93d3cuaGFuYXJvbWFya3QuZGVcL3dwLWNvbnRlbnRcL3VwbG9hZHNcLzIwMjRcLzAxXC9JTUdfMDUyOS1zY2FsZWQuanBnIiwic2xpZGVzaG93IjoiMWZhZmU5ZSJ9\">\n\t\t\t\t\t<div class=\"e-gallery-image elementor-gallery-item__image\" data-thumbnail=\"https:\/\/www.hanaromarkt.de\/wp-content\/uploads\/2024\/01\/IMG_0529-1024x683.jpg\" data-width=\"1024\" data-height=\"683\" aria-label=\"\" role=\"img\" ><\/div>\n\t\t\t\t\t\t\t\t\t\t\t<div class=\"elementor-gallery-item__overlay\"><\/div>\n\t\t\t\t\t\t\t\t\t\t\t\t\t\t<\/a>\n\t\t\t\t\t\t\t<a class=\"e-gallery-item elementor-gallery-item elementor-animated-content\" href=\"https:\/\/www.hanaromarkt.de\/wp-content\/uploads\/2024\/01\/IMG_0534-scaled.jpg\" data-elementor-open-lightbox=\"yes\" data-elementor-lightbox-slideshow=\"1fafe9e\" data-elementor-lightbox-title=\"IMG_0534\" data-e-action-hash=\"#elementor-action%3Aaction%3Dlightbox%26settings%3DeyJpZCI6MTEzODMsInVybCI6Imh0dHBzOlwvXC93d3cuaGFuYXJvbWFya3QuZGVcL3dwLWNvbnRlbnRcL3VwbG9hZHNcLzIwMjRcLzAxXC9JTUdfMDUzNC1zY2FsZWQuanBnIiwic2xpZGVzaG93IjoiMWZhZmU5ZSJ9\">\n\t\t\t\t\t<div class=\"e-gallery-image elementor-gallery-item__image\" data-thumbnail=\"https:\/\/www.hanaromarkt.de\/wp-content\/uploads\/2024\/01\/IMG_0534-1024x683.jpg\" data-width=\"1024\" data-height=\"683\" aria-label=\"\" role=\"img\" ><\/div>\n\t\t\t\t\t\t\t\t\t\t\t<div class=\"elementor-gallery-item__overlay\"><\/div>\n\t\t\t\t\t\t\t\t\t\t\t\t\t\t<\/a>\n\t\t\t\t\t\t\t<a class=\"e-gallery-item elementor-gallery-item elementor-animated-content\" href=\"https:\/\/www.hanaromarkt.de\/wp-content\/uploads\/2024\/01\/IMG_0532-scaled.jpg\" data-elementor-open-lightbox=\"yes\" data-elementor-lightbox-slideshow=\"1fafe9e\" data-elementor-lightbox-title=\"IMG_0532\" data-e-action-hash=\"#elementor-action%3Aaction%3Dlightbox%26settings%3DeyJpZCI6MTEzODUsInVybCI6Imh0dHBzOlwvXC93d3cuaGFuYXJvbWFya3QuZGVcL3dwLWNvbnRlbnRcL3VwbG9hZHNcLzIwMjRcLzAxXC9JTUdfMDUzMi1zY2FsZWQuanBnIiwic2xpZGVzaG93IjoiMWZhZmU5ZSJ9\">\n\t\t\t\t\t<div class=\"e-gallery-image elementor-gallery-item__image\" data-thumbnail=\"https:\/\/www.hanaromarkt.de\/wp-content\/uploads\/2024\/01\/IMG_0532-1024x683.jpg\" data-width=\"1024\" data-height=\"683\" aria-label=\"\" role=\"img\" ><\/div>\n\t\t\t\t\t\t\t\t\t\t\t<div class=\"elementor-gallery-item__overlay\"><\/div>\n\t\t\t\t\t\t\t\t\t\t\t\t\t\t<\/a>\n\t\t\t\t\t<\/div>\n\t\t\t\t\t<\/div>\n\t\t\t\t<\/div>\n\t\t\t\t\t<\/div>\n\t\t\t\t<\/div>\n\t\t\t\t<\/div>","protected":false},"excerpt":{"rendered":"<p>Lernen Sie asiatische Gem\u00fcsesorten kennen, die einen vielf\u00e4ltigen Geschmack in Ihre K\u00fcche bringen. Beim HANARO MARKT finden Sie eine Vielzahl von frischen und hochwertigen asiatischen Gem\u00fcsesorten, die als unverzichtbare Zutaten f\u00fcr die asiatische K\u00fcche gelten. Von Pak Choi, Wasserspinat, \u00fcber Thai-Basilikum, Koriander, Minze bis hin zu Mungbohnen- und Sojabohnensprossen sowie Okra &#8211; wir haben alles&hellip;&nbsp;<a href=\"https:\/\/www.hanaromarkt.de\/en\/gemuse\/\" class=\"\" rel=\"bookmark\">Read More &raquo;<span class=\"screen-reader-text\">Vegetables<\/span><\/a><\/p>","protected":false},"author":1,"featured_media":11384,"parent":0,"menu_order":0,"comment_status":"closed","ping_status":"closed","template":"","meta":{"neve_meta_sidebar":"","neve_meta_container":"","neve_meta_enable_content_width":"","neve_meta_content_width":0,"neve_meta_title_alignment":"","neve_meta_author_avatar":"","neve_post_elements_order":"","neve_meta_disable_header":"","neve_meta_disable_footer":"","neve_meta_disable_title":"","footnotes":""},"class_list":["post-9487","page","type-page","status-publish","has-post-thumbnail","hentry"],"_links":{"self":[{"href":"https:\/\/www.hanaromarkt.de\/en\/wp-json\/wp\/v2\/pages\/9487","targetHints":{"allow":["GET"]}}],"collection":[{"href":"https:\/\/www.hanaromarkt.de\/en\/wp-json\/wp\/v2\/pages"}],"about":[{"href":"https:\/\/www.hanaromarkt.de\/en\/wp-json\/wp\/v2\/types\/page"}],"author":[{"embeddable":true,"href":"https:\/\/www.hanaromarkt.de\/en\/wp-json\/wp\/v2\/users\/1"}],"replies":[{"embeddable":true,"href":"https:\/\/www.hanaromarkt.de\/en\/wp-json\/wp\/v2\/comments?post=9487"}],"version-history":[{"count":42,"href":"https:\/\/www.hanaromarkt.de\/en\/wp-json\/wp\/v2\/pages\/9487\/revisions"}],"predecessor-version":[{"id":12439,"href":"https:\/\/www.hanaromarkt.de\/en\/wp-json\/wp\/v2\/pages\/9487\/revisions\/12439"}],"wp:featuredmedia":[{"embeddable":true,"href":"https:\/\/www.hanaromarkt.de\/en\/wp-json\/wp\/v2\/media\/11384"}],"wp:attachment":[{"href":"https:\/\/www.hanaromarkt.de\/en\/wp-json\/wp\/v2\/media?parent=9487"}],"curies":[{"name":"wp","href":"https:\/\/api.w.org\/{rel}","templated":true}]}}