{"id":9489,"date":"2016-04-25T00:24:56","date_gmt":"2016-04-24T15:24:56","guid":{"rendered":"https:\/\/demos.famethemes.com\/glow-pro\/?page_id=84"},"modified":"2026-03-04T00:18:32","modified_gmt":"2026-03-03T15:18:32","slug":"japanische-lebensmittel","status":"publish","type":"page","link":"https:\/\/www.hanaromarkt.de\/en\/japanische-lebensmittel\/","title":{"rendered":"Japanese food"},"content":{"rendered":"<p>M\u00f6chten Sie geschmacksreiche japanische Lebensmittel und ihre vielf\u00e4ltigen Aromen genie\u00dfen? In unserer japanischen Lebensmittelabteilung bieten wir Ihnen ein gro\u00dfes Angebot an Zutaten f\u00fcr die japanische K\u00fcche. Entdecken Sie eine Vielzahl von Saucen, Gew\u00fcrzen, Ramen, Natt\u014d, japanischem Curry, Fertiggerichten, japanischen Teesorten, Snacks und anderen japanischen Lebensmitteln.<\/p>\n<p>Bei uns finden Sie Produkte von renommierten Marken wie Morinaga (\u68ee\u6c38), Hikari Miso (\u3072\u304b\u308a\u5473\u564c), Kikkoman (\u30ad\u30c3\u30b3\u30fc\u30de\u30f3), S&amp;B (\u30a8\u30b9\u30d3\u30fc), Bulldog (\u30d6\u30eb\u30c9\u30c3\u30b0) und\u00a0Suntory (\u30b5\u30f3\u30c8\u30ea\u30fc).<\/p>\n<p>Tauchen Sie ein in die Welt der japanischen K\u00fcche und ihrer kulinarischen Kreationen.<\/p>\n<p><img fetchpriority=\"high\" decoding=\"async\" class=\"alignnone wp-image-11535 size-full\" src=\"https:\/\/www.hanaromarkt.de\/wp-content\/uploads\/2024\/02\/IMG_0419-scaled.jpg\" alt=\"\" width=\"2560\" height=\"1707\" srcset=\"https:\/\/www.hanaromarkt.de\/wp-content\/uploads\/2024\/02\/IMG_0419-scaled.jpg 2560w, https:\/\/www.hanaromarkt.de\/wp-content\/uploads\/2024\/02\/IMG_0419-300x200.jpg 300w, https:\/\/www.hanaromarkt.de\/wp-content\/uploads\/2024\/02\/IMG_0419-1024x683.jpg 1024w, https:\/\/www.hanaromarkt.de\/wp-content\/uploads\/2024\/02\/IMG_0419-768x512.jpg 768w, https:\/\/www.hanaromarkt.de\/wp-content\/uploads\/2024\/02\/IMG_0419-1536x1024.jpg 1536w, https:\/\/www.hanaromarkt.de\/wp-content\/uploads\/2024\/02\/IMG_0419-2048x1365.jpg 2048w, https:\/\/www.hanaromarkt.de\/wp-content\/uploads\/2024\/02\/IMG_0419-930x620.jpg 930w\" sizes=\"(max-width: 2560px) 100vw, 2560px\" \/>\u00a0<img decoding=\"async\" class=\"alignnone wp-image-11545 size-full\" src=\"https:\/\/www.hanaromarkt.de\/wp-content\/uploads\/2024\/02\/IMG_5082-scaled.jpg\" alt=\"\" width=\"2560\" height=\"1707\" srcset=\"https:\/\/www.hanaromarkt.de\/wp-content\/uploads\/2024\/02\/IMG_5082-scaled.jpg 2560w, https:\/\/www.hanaromarkt.de\/wp-content\/uploads\/2024\/02\/IMG_5082-300x200.jpg 300w, https:\/\/www.hanaromarkt.de\/wp-content\/uploads\/2024\/02\/IMG_5082-1024x683.jpg 1024w, https:\/\/www.hanaromarkt.de\/wp-content\/uploads\/2024\/02\/IMG_5082-768x512.jpg 768w, https:\/\/www.hanaromarkt.de\/wp-content\/uploads\/2024\/02\/IMG_5082-1536x1024.jpg 1536w, https:\/\/www.hanaromarkt.de\/wp-content\/uploads\/2024\/02\/IMG_5082-2048x1365.jpg 2048w, https:\/\/www.hanaromarkt.de\/wp-content\/uploads\/2024\/02\/IMG_5082-930x620.jpg 930w\" sizes=\"(max-width: 2560px) 100vw, 2560px\" \/> \u00a0<img decoding=\"async\" class=\"alignnone wp-image-11549 size-full\" src=\"https:\/\/www.hanaromarkt.de\/wp-content\/uploads\/2024\/02\/IMG_5101-scaled.jpg\" alt=\"\" width=\"2560\" height=\"1707\" srcset=\"https:\/\/www.hanaromarkt.de\/wp-content\/uploads\/2024\/02\/IMG_5101-scaled.jpg 2560w, https:\/\/www.hanaromarkt.de\/wp-content\/uploads\/2024\/02\/IMG_5101-300x200.jpg 300w, https:\/\/www.hanaromarkt.de\/wp-content\/uploads\/2024\/02\/IMG_5101-1024x683.jpg 1024w, https:\/\/www.hanaromarkt.de\/wp-content\/uploads\/2024\/02\/IMG_5101-768x512.jpg 768w, https:\/\/www.hanaromarkt.de\/wp-content\/uploads\/2024\/02\/IMG_5101-1536x1024.jpg 1536w, https:\/\/www.hanaromarkt.de\/wp-content\/uploads\/2024\/02\/IMG_5101-2048x1365.jpg 2048w, https:\/\/www.hanaromarkt.de\/wp-content\/uploads\/2024\/02\/IMG_5101-930x620.jpg 930w\" sizes=\"(max-width: 2560px) 100vw, 2560px\" \/>\u00a0<img loading=\"lazy\" decoding=\"async\" class=\"alignnone wp-image-11550 size-full\" src=\"https:\/\/www.hanaromarkt.de\/wp-content\/uploads\/2024\/02\/IMG_5126-scaled.jpg\" alt=\"\" width=\"2560\" height=\"1707\" srcset=\"https:\/\/www.hanaromarkt.de\/wp-content\/uploads\/2024\/02\/IMG_5126-scaled.jpg 2560w, https:\/\/www.hanaromarkt.de\/wp-content\/uploads\/2024\/02\/IMG_5126-300x200.jpg 300w, https:\/\/www.hanaromarkt.de\/wp-content\/uploads\/2024\/02\/IMG_5126-1024x683.jpg 1024w, https:\/\/www.hanaromarkt.de\/wp-content\/uploads\/2024\/02\/IMG_5126-768x512.jpg 768w, https:\/\/www.hanaromarkt.de\/wp-content\/uploads\/2024\/02\/IMG_5126-1536x1024.jpg 1536w, https:\/\/www.hanaromarkt.de\/wp-content\/uploads\/2024\/02\/IMG_5126-2048x1365.jpg 2048w, https:\/\/www.hanaromarkt.de\/wp-content\/uploads\/2024\/02\/IMG_5126-930x620.jpg 930w\" sizes=\"(max-width: 2560px) 100vw, 2560px\" \/><\/p>\n<p><img loading=\"lazy\" decoding=\"async\" class=\"alignnone wp-image-11530 size-full\" src=\"https:\/\/www.hanaromarkt.de\/wp-content\/uploads\/2024\/02\/IMG_0370-scaled.jpg\" alt=\"\" width=\"2560\" height=\"1707\" srcset=\"https:\/\/www.hanaromarkt.de\/wp-content\/uploads\/2024\/02\/IMG_0370-scaled.jpg 2560w, https:\/\/www.hanaromarkt.de\/wp-content\/uploads\/2024\/02\/IMG_0370-300x200.jpg 300w, https:\/\/www.hanaromarkt.de\/wp-content\/uploads\/2024\/02\/IMG_0370-1024x683.jpg 1024w, https:\/\/www.hanaromarkt.de\/wp-content\/uploads\/2024\/02\/IMG_0370-768x512.jpg 768w, https:\/\/www.hanaromarkt.de\/wp-content\/uploads\/2024\/02\/IMG_0370-1536x1024.jpg 1536w, https:\/\/www.hanaromarkt.de\/wp-content\/uploads\/2024\/02\/IMG_0370-2048x1365.jpg 2048w, https:\/\/www.hanaromarkt.de\/wp-content\/uploads\/2024\/02\/IMG_0370-930x620.jpg 930w\" sizes=\"(max-width: 2560px) 100vw, 2560px\" \/><\/p>\n\n\n<figure class=\"wp-block-gallery has-nested-images columns-default is-cropped wp-block-gallery-1 is-layout-flex wp-block-gallery-is-layout-flex\">\n<figure class=\"wp-block-image size-large\"><img decoding=\"async\" data-id=\"10047\" src=\"https:\/\/www.hanaromarkt.de\/wp-content\/uploads\/2023\/06\/j-1.png\" alt=\"\" class=\"wp-image-10047\"\/><\/figure>\n<\/figure>","protected":false},"excerpt":{"rendered":"<p>M\u00f6chten Sie geschmacksreiche japanische Lebensmittel und ihre vielf\u00e4ltigen Aromen genie\u00dfen? In unserer japanischen Lebensmittelabteilung bieten wir Ihnen ein gro\u00dfes Angebot an Zutaten f\u00fcr die japanische K\u00fcche. Entdecken Sie eine Vielzahl von Saucen, Gew\u00fcrzen, Ramen, Natt\u014d, japanischem Curry, Fertiggerichten, japanischen Teesorten, Snacks und anderen japanischen Lebensmitteln. Bei uns finden Sie Produkte von renommierten Marken wie Morinaga&hellip;&nbsp;<a href=\"https:\/\/www.hanaromarkt.de\/en\/japanische-lebensmittel\/\" class=\"\" rel=\"bookmark\">Read More &raquo;<span class=\"screen-reader-text\">Japanese food<\/span><\/a><\/p>","protected":false},"author":1,"featured_media":11548,"parent":0,"menu_order":0,"comment_status":"closed","ping_status":"closed","template":"","meta":{"neve_meta_sidebar":"","neve_meta_container":"","neve_meta_enable_content_width":"","neve_meta_content_width":0,"neve_meta_title_alignment":"","neve_meta_author_avatar":"","neve_post_elements_order":"","neve_meta_disable_header":"","neve_meta_disable_footer":"","neve_meta_disable_title":"","footnotes":""},"class_list":["post-9489","page","type-page","status-publish","has-post-thumbnail","hentry"],"_links":{"self":[{"href":"https:\/\/www.hanaromarkt.de\/en\/wp-json\/wp\/v2\/pages\/9489","targetHints":{"allow":["GET"]}}],"collection":[{"href":"https:\/\/www.hanaromarkt.de\/en\/wp-json\/wp\/v2\/pages"}],"about":[{"href":"https:\/\/www.hanaromarkt.de\/en\/wp-json\/wp\/v2\/types\/page"}],"author":[{"embeddable":true,"href":"https:\/\/www.hanaromarkt.de\/en\/wp-json\/wp\/v2\/users\/1"}],"replies":[{"embeddable":true,"href":"https:\/\/www.hanaromarkt.de\/en\/wp-json\/wp\/v2\/comments?post=9489"}],"version-history":[{"count":16,"href":"https:\/\/www.hanaromarkt.de\/en\/wp-json\/wp\/v2\/pages\/9489\/revisions"}],"predecessor-version":[{"id":12435,"href":"https:\/\/www.hanaromarkt.de\/en\/wp-json\/wp\/v2\/pages\/9489\/revisions\/12435"}],"wp:featuredmedia":[{"embeddable":true,"href":"https:\/\/www.hanaromarkt.de\/en\/wp-json\/wp\/v2\/media\/11548"}],"wp:attachment":[{"href":"https:\/\/www.hanaromarkt.de\/en\/wp-json\/wp\/v2\/media?parent=9489"}],"curies":[{"name":"wp","href":"https:\/\/api.w.org\/{rel}","templated":true}]}}