{"id":9493,"date":"2016-06-22T13:54:43","date_gmt":"2016-06-22T04:54:43","guid":{"rendered":"https:\/\/demos.famethemes.com\/glow-pro\/?page_id=142"},"modified":"2026-03-04T00:20:18","modified_gmt":"2026-03-03T15:20:18","slug":"koreanische-lebensmittel","status":"publish","type":"page","link":"https:\/\/www.hanaromarkt.de\/en\/koreanische-lebensmittel\/","title":{"rendered":"Korean food"},"content":{"rendered":"<p>Im HANARO MARKT k\u00f6nnen Sie die vielf\u00e4ltigen Geschmacksrichtungen und Aromen Koreas erleben.<\/p>\n<p>Denn in unserer koreanischen Lebensmittelabteilung finden Sie eine breite Auswahl an koreanischen Gew\u00fcrzen, So\u00dfen, Fertiggerichten und Tiefk\u00fchlprodukten.<br \/>Entdecken Sie hochwertiges Kimchi, Chilipaste, Sesam\u00f6l, erlesene Tees bis hin zu koreanischen Getr\u00e4nken und Snacks.<br \/>Zudem haben wir eine standfeste Eigenmarke MATSARANG, die auch im HANARO MARKT vertreten ist.<br \/>F\u00fcr die Vielzahl an k\u00f6stlichem Reis, bieten wir Ihnen auch erstklassige Reiskocher an, die den besten Geschmack von Reis, einem unverzichtbaren Bestandteil der asiatischen K\u00fcche, hervorbringen.<\/p>\n<p>In unserem Sortiment finden Sie Produkte von bekannten koreanischen Marken wie Cheongjungone[Daesang] (\uccad\uc815\uc6d0[\ub300\uc0c1]), Nongshim (\ub18d\uc2ec)\u00a0 NH(\ub18d\ud611), Samyang (\uc0bc\uc591), Ottogi (\uc624\ub69c\uae30), CJ Foodville, Baekseol (\ubc31\uc124), Bibigo (\ube44\ube44\uace0), Lotte (\ub86f\ub370), Orion (\uc624\ub9ac\uc628), Jinro (\uc9c4\ub85c), Kooksoondang (\uad6d\uc21c\ub2f9) und Mat Sarang(\ub9db\uc0ac\ub791).<\/p>\n<p><img fetchpriority=\"high\" decoding=\"async\" class=\"alignnone wp-image-11527 size-full\" src=\"https:\/\/www.hanaromarkt.de\/wp-content\/uploads\/2024\/02\/IMG_5300-scaled.jpg\" alt=\"\" width=\"2560\" height=\"1707\" srcset=\"https:\/\/www.hanaromarkt.de\/wp-content\/uploads\/2024\/02\/IMG_5300-scaled.jpg 2560w, https:\/\/www.hanaromarkt.de\/wp-content\/uploads\/2024\/02\/IMG_5300-300x200.jpg 300w, https:\/\/www.hanaromarkt.de\/wp-content\/uploads\/2024\/02\/IMG_5300-1024x683.jpg 1024w, https:\/\/www.hanaromarkt.de\/wp-content\/uploads\/2024\/02\/IMG_5300-768x512.jpg 768w, https:\/\/www.hanaromarkt.de\/wp-content\/uploads\/2024\/02\/IMG_5300-1536x1024.jpg 1536w, https:\/\/www.hanaromarkt.de\/wp-content\/uploads\/2024\/02\/IMG_5300-2048x1365.jpg 2048w, https:\/\/www.hanaromarkt.de\/wp-content\/uploads\/2024\/02\/IMG_5300-930x620.jpg 930w\" sizes=\"(max-width: 2560px) 100vw, 2560px\" \/>\u00a0\u00a0<img decoding=\"async\" class=\"alignnone wp-image-11526 size-full\" src=\"https:\/\/www.hanaromarkt.de\/wp-content\/uploads\/2024\/02\/IMG_5298-scaled.jpg\" alt=\"\" width=\"2560\" height=\"1707\" srcset=\"https:\/\/www.hanaromarkt.de\/wp-content\/uploads\/2024\/02\/IMG_5298-scaled.jpg 2560w, https:\/\/www.hanaromarkt.de\/wp-content\/uploads\/2024\/02\/IMG_5298-300x200.jpg 300w, https:\/\/www.hanaromarkt.de\/wp-content\/uploads\/2024\/02\/IMG_5298-1024x683.jpg 1024w, https:\/\/www.hanaromarkt.de\/wp-content\/uploads\/2024\/02\/IMG_5298-768x512.jpg 768w, https:\/\/www.hanaromarkt.de\/wp-content\/uploads\/2024\/02\/IMG_5298-1536x1024.jpg 1536w, https:\/\/www.hanaromarkt.de\/wp-content\/uploads\/2024\/02\/IMG_5298-2048x1365.jpg 2048w, https:\/\/www.hanaromarkt.de\/wp-content\/uploads\/2024\/02\/IMG_5298-930x620.jpg 930w\" sizes=\"(max-width: 2560px) 100vw, 2560px\" \/><\/p>\n<p><img decoding=\"async\" class=\"alignnone wp-image-11513 size-full\" src=\"https:\/\/www.hanaromarkt.de\/wp-content\/uploads\/2024\/02\/IMG_0626-scaled.jpg\" alt=\"\" width=\"2560\" height=\"1707\" srcset=\"https:\/\/www.hanaromarkt.de\/wp-content\/uploads\/2024\/02\/IMG_0626-scaled.jpg 2560w, https:\/\/www.hanaromarkt.de\/wp-content\/uploads\/2024\/02\/IMG_0626-300x200.jpg 300w, https:\/\/www.hanaromarkt.de\/wp-content\/uploads\/2024\/02\/IMG_0626-1024x683.jpg 1024w, https:\/\/www.hanaromarkt.de\/wp-content\/uploads\/2024\/02\/IMG_0626-768x512.jpg 768w, https:\/\/www.hanaromarkt.de\/wp-content\/uploads\/2024\/02\/IMG_0626-1536x1024.jpg 1536w, https:\/\/www.hanaromarkt.de\/wp-content\/uploads\/2024\/02\/IMG_0626-2048x1365.jpg 2048w, https:\/\/www.hanaromarkt.de\/wp-content\/uploads\/2024\/02\/IMG_0626-930x620.jpg 930w\" sizes=\"(max-width: 2560px) 100vw, 2560px\" \/>\u00a0<img loading=\"lazy\" decoding=\"async\" class=\"alignnone wp-image-11510 size-full\" src=\"https:\/\/www.hanaromarkt.de\/wp-content\/uploads\/2024\/02\/IMG_0412-scaled.jpg\" alt=\"\" width=\"2560\" height=\"1707\" srcset=\"https:\/\/www.hanaromarkt.de\/wp-content\/uploads\/2024\/02\/IMG_0412-scaled.jpg 2560w, https:\/\/www.hanaromarkt.de\/wp-content\/uploads\/2024\/02\/IMG_0412-300x200.jpg 300w, https:\/\/www.hanaromarkt.de\/wp-content\/uploads\/2024\/02\/IMG_0412-1024x683.jpg 1024w, https:\/\/www.hanaromarkt.de\/wp-content\/uploads\/2024\/02\/IMG_0412-768x512.jpg 768w, https:\/\/www.hanaromarkt.de\/wp-content\/uploads\/2024\/02\/IMG_0412-1536x1024.jpg 1536w, https:\/\/www.hanaromarkt.de\/wp-content\/uploads\/2024\/02\/IMG_0412-2048x1365.jpg 2048w, https:\/\/www.hanaromarkt.de\/wp-content\/uploads\/2024\/02\/IMG_0412-930x620.jpg 930w\" sizes=\"(max-width: 2560px) 100vw, 2560px\" \/><\/p>\n<p><img loading=\"lazy\" decoding=\"async\" class=\"alignnone wp-image-11509 size-full\" src=\"https:\/\/www.hanaromarkt.de\/wp-content\/uploads\/2024\/02\/IMG_0407-scaled.jpg\" alt=\"\" width=\"2560\" height=\"1707\" srcset=\"https:\/\/www.hanaromarkt.de\/wp-content\/uploads\/2024\/02\/IMG_0407-scaled.jpg 2560w, https:\/\/www.hanaromarkt.de\/wp-content\/uploads\/2024\/02\/IMG_0407-300x200.jpg 300w, https:\/\/www.hanaromarkt.de\/wp-content\/uploads\/2024\/02\/IMG_0407-1024x683.jpg 1024w, https:\/\/www.hanaromarkt.de\/wp-content\/uploads\/2024\/02\/IMG_0407-768x512.jpg 768w, https:\/\/www.hanaromarkt.de\/wp-content\/uploads\/2024\/02\/IMG_0407-1536x1024.jpg 1536w, https:\/\/www.hanaromarkt.de\/wp-content\/uploads\/2024\/02\/IMG_0407-2048x1365.jpg 2048w, https:\/\/www.hanaromarkt.de\/wp-content\/uploads\/2024\/02\/IMG_0407-930x620.jpg 930w\" sizes=\"(max-width: 2560px) 100vw, 2560px\" \/>\u00a0<img loading=\"lazy\" decoding=\"async\" class=\"alignnone wp-image-11512 size-full\" src=\"https:\/\/www.hanaromarkt.de\/wp-content\/uploads\/2024\/02\/IMG_0607-scaled.jpg\" alt=\"\" width=\"2560\" height=\"1707\" srcset=\"https:\/\/www.hanaromarkt.de\/wp-content\/uploads\/2024\/02\/IMG_0607-scaled.jpg 2560w, https:\/\/www.hanaromarkt.de\/wp-content\/uploads\/2024\/02\/IMG_0607-300x200.jpg 300w, https:\/\/www.hanaromarkt.de\/wp-content\/uploads\/2024\/02\/IMG_0607-1024x683.jpg 1024w, https:\/\/www.hanaromarkt.de\/wp-content\/uploads\/2024\/02\/IMG_0607-768x512.jpg 768w, https:\/\/www.hanaromarkt.de\/wp-content\/uploads\/2024\/02\/IMG_0607-1536x1024.jpg 1536w, https:\/\/www.hanaromarkt.de\/wp-content\/uploads\/2024\/02\/IMG_0607-2048x1365.jpg 2048w, https:\/\/www.hanaromarkt.de\/wp-content\/uploads\/2024\/02\/IMG_0607-930x620.jpg 930w\" sizes=\"(max-width: 2560px) 100vw, 2560px\" \/><\/p>\n<p><img loading=\"lazy\" decoding=\"async\" class=\"alignnone wp-image-11511 size-full\" src=\"https:\/\/www.hanaromarkt.de\/wp-content\/uploads\/2024\/02\/IMG_0545-scaled.jpg\" alt=\"\" width=\"2560\" height=\"1707\" srcset=\"https:\/\/www.hanaromarkt.de\/wp-content\/uploads\/2024\/02\/IMG_0545-scaled.jpg 2560w, https:\/\/www.hanaromarkt.de\/wp-content\/uploads\/2024\/02\/IMG_0545-300x200.jpg 300w, https:\/\/www.hanaromarkt.de\/wp-content\/uploads\/2024\/02\/IMG_0545-1024x683.jpg 1024w, https:\/\/www.hanaromarkt.de\/wp-content\/uploads\/2024\/02\/IMG_0545-768x512.jpg 768w, https:\/\/www.hanaromarkt.de\/wp-content\/uploads\/2024\/02\/IMG_0545-1536x1024.jpg 1536w, https:\/\/www.hanaromarkt.de\/wp-content\/uploads\/2024\/02\/IMG_0545-2048x1365.jpg 2048w, https:\/\/www.hanaromarkt.de\/wp-content\/uploads\/2024\/02\/IMG_0545-930x620.jpg 930w\" sizes=\"(max-width: 2560px) 100vw, 2560px\" \/><\/p>\n<p><img loading=\"lazy\" decoding=\"async\" class=\"alignnone size-full wp-image-11516\" src=\"https:\/\/www.hanaromarkt.de\/wp-content\/uploads\/2024\/02\/IMG_5218-scaled.jpg\" alt=\"\" width=\"2560\" height=\"1707\" srcset=\"https:\/\/www.hanaromarkt.de\/wp-content\/uploads\/2024\/02\/IMG_5218-scaled.jpg 2560w, https:\/\/www.hanaromarkt.de\/wp-content\/uploads\/2024\/02\/IMG_5218-300x200.jpg 300w, https:\/\/www.hanaromarkt.de\/wp-content\/uploads\/2024\/02\/IMG_5218-1024x683.jpg 1024w, https:\/\/www.hanaromarkt.de\/wp-content\/uploads\/2024\/02\/IMG_5218-768x512.jpg 768w, https:\/\/www.hanaromarkt.de\/wp-content\/uploads\/2024\/02\/IMG_5218-1536x1024.jpg 1536w, https:\/\/www.hanaromarkt.de\/wp-content\/uploads\/2024\/02\/IMG_5218-2048x1365.jpg 2048w, https:\/\/www.hanaromarkt.de\/wp-content\/uploads\/2024\/02\/IMG_5218-930x620.jpg 930w\" sizes=\"(max-width: 2560px) 100vw, 2560px\" \/><\/p>\n\n\n<figure class=\"wp-block-gallery has-nested-images columns-default is-cropped wp-block-gallery-1 is-layout-flex wp-block-gallery-is-layout-flex\">\n<figure class=\"wp-block-image size-large\"><img decoding=\"async\" data-id=\"10041\" src=\"https:\/\/www.hanaromarkt.de\/wp-content\/uploads\/2023\/06\/KOREA-1.png\" alt=\"\" class=\"wp-image-10041\"\/><\/figure>\n<\/figure>\n","protected":false},"excerpt":{"rendered":"<p>Im HANARO MARKT k\u00f6nnen Sie die vielf\u00e4ltigen Geschmacksrichtungen und Aromen Koreas erleben. Denn in unserer koreanischen Lebensmittelabteilung finden Sie eine breite Auswahl an koreanischen Gew\u00fcrzen, So\u00dfen, Fertiggerichten und Tiefk\u00fchlprodukten.Entdecken Sie hochwertiges Kimchi, Chilipaste, Sesam\u00f6l, erlesene Tees bis hin zu koreanischen Getr\u00e4nken und Snacks.Zudem haben wir eine standfeste Eigenmarke MATSARANG, die auch im HANARO MARKT vertreten&hellip;&nbsp;<a href=\"https:\/\/www.hanaromarkt.de\/en\/koreanische-lebensmittel\/\" class=\"\" rel=\"bookmark\">Read More &raquo;<span class=\"screen-reader-text\">Korean food<\/span><\/a><\/p>","protected":false},"author":1,"featured_media":11513,"parent":0,"menu_order":0,"comment_status":"closed","ping_status":"closed","template":"","meta":{"neve_meta_sidebar":"","neve_meta_container":"","neve_meta_enable_content_width":"","neve_meta_content_width":0,"neve_meta_title_alignment":"","neve_meta_author_avatar":"","neve_post_elements_order":"","neve_meta_disable_header":"","neve_meta_disable_footer":"","neve_meta_disable_title":"","footnotes":""},"class_list":["post-9493","page","type-page","status-publish","has-post-thumbnail","hentry"],"_links":{"self":[{"href":"https:\/\/www.hanaromarkt.de\/en\/wp-json\/wp\/v2\/pages\/9493","targetHints":{"allow":["GET"]}}],"collection":[{"href":"https:\/\/www.hanaromarkt.de\/en\/wp-json\/wp\/v2\/pages"}],"about":[{"href":"https:\/\/www.hanaromarkt.de\/en\/wp-json\/wp\/v2\/types\/page"}],"author":[{"embeddable":true,"href":"https:\/\/www.hanaromarkt.de\/en\/wp-json\/wp\/v2\/users\/1"}],"replies":[{"embeddable":true,"href":"https:\/\/www.hanaromarkt.de\/en\/wp-json\/wp\/v2\/comments?post=9493"}],"version-history":[{"count":23,"href":"https:\/\/www.hanaromarkt.de\/en\/wp-json\/wp\/v2\/pages\/9493\/revisions"}],"predecessor-version":[{"id":12091,"href":"https:\/\/www.hanaromarkt.de\/en\/wp-json\/wp\/v2\/pages\/9493\/revisions\/12091"}],"wp:featuredmedia":[{"embeddable":true,"href":"https:\/\/www.hanaromarkt.de\/en\/wp-json\/wp\/v2\/media\/11513"}],"wp:attachment":[{"href":"https:\/\/www.hanaromarkt.de\/en\/wp-json\/wp\/v2\/media?parent=9493"}],"curies":[{"name":"wp","href":"https:\/\/api.w.org\/{rel}","templated":true}]}}