{"id":9494,"date":"2016-06-22T13:55:10","date_gmt":"2016-06-22T04:55:10","guid":{"rendered":"https:\/\/demos.famethemes.com\/glow-pro\/?page_id=144"},"modified":"2026-03-04T00:19:17","modified_gmt":"2026-03-03T15:19:17","slug":"asiatische-lebensmittel","status":"publish","type":"page","link":"https:\/\/www.hanaromarkt.de\/en\/asiatische-lebensmittel\/","title":{"rendered":"Asian food"},"content":{"rendered":"<p>Sind Sie an multikultureller, asiatischer K\u00fcche und einzigartigen Zutaten interessiert? In unserer Ecke f\u00fcr asiatische Lebensmittel bieten wir eine Vielzahl von Zutaten und Spezialit\u00e4ten aus verschiedenen L\u00e4ndern Asiens an.\u00a0<\/p>\n<p>Entdecken Sie im HANARO MARKT verschiedene Sorten an So\u00dfen und Gew\u00fcrzen, (Instant-)Nudeln, frische Lebensmittel sowie Tiefk\u00fchlprodukte. Besuchen Sie unsere Ecke f\u00fcr asiatische Lebensmittel und entdecken Sie den besonderen Geschmack aus verschiedenen L\u00e4ndern der Welt.<\/p>\n\n\n<figure class=\"wp-block-gallery has-nested-images columns-1 is-cropped wp-block-gallery-1 is-layout-flex wp-block-gallery-is-layout-flex\">\n<figure class=\"wp-block-image size-large\"><img fetchpriority=\"high\" decoding=\"async\" width=\"1024\" height=\"683\" data-id=\"10211\" src=\"https:\/\/www.hanaromarkt.de\/wp-content\/uploads\/2023\/06\/IMG_5384-1024x683.jpg\" alt=\"\" class=\"wp-image-10211\" srcset=\"https:\/\/www.hanaromarkt.de\/wp-content\/uploads\/2023\/06\/IMG_5384-1024x683.jpg 1024w, https:\/\/www.hanaromarkt.de\/wp-content\/uploads\/2023\/06\/IMG_5384-300x200.jpg 300w, https:\/\/www.hanaromarkt.de\/wp-content\/uploads\/2023\/06\/IMG_5384-768x512.jpg 768w, https:\/\/www.hanaromarkt.de\/wp-content\/uploads\/2023\/06\/IMG_5384-1536x1024.jpg 1536w, https:\/\/www.hanaromarkt.de\/wp-content\/uploads\/2023\/06\/IMG_5384-2048x1365.jpg 2048w, https:\/\/www.hanaromarkt.de\/wp-content\/uploads\/2023\/06\/IMG_5384-18x12.jpg 18w, https:\/\/www.hanaromarkt.de\/wp-content\/uploads\/2023\/06\/IMG_5384-720x480.jpg 720w\" sizes=\"(max-width: 1024px) 100vw, 1024px\" \/><\/figure>\n\n\n\n<figure class=\"wp-block-image size-large\"><img decoding=\"async\" width=\"1024\" height=\"683\" data-id=\"10213\" src=\"https:\/\/www.hanaromarkt.de\/wp-content\/uploads\/2023\/06\/IMG_5386-1024x683.jpg\" alt=\"\" class=\"wp-image-10213\" srcset=\"https:\/\/www.hanaromarkt.de\/wp-content\/uploads\/2023\/06\/IMG_5386-1024x683.jpg 1024w, https:\/\/www.hanaromarkt.de\/wp-content\/uploads\/2023\/06\/IMG_5386-300x200.jpg 300w, https:\/\/www.hanaromarkt.de\/wp-content\/uploads\/2023\/06\/IMG_5386-768x512.jpg 768w, https:\/\/www.hanaromarkt.de\/wp-content\/uploads\/2023\/06\/IMG_5386-1536x1024.jpg 1536w, https:\/\/www.hanaromarkt.de\/wp-content\/uploads\/2023\/06\/IMG_5386-2048x1365.jpg 2048w, https:\/\/www.hanaromarkt.de\/wp-content\/uploads\/2023\/06\/IMG_5386-18x12.jpg 18w, https:\/\/www.hanaromarkt.de\/wp-content\/uploads\/2023\/06\/IMG_5386-720x480.jpg 720w\" sizes=\"(max-width: 1024px) 100vw, 1024px\" \/><\/figure>\n\n\n\n<figure class=\"wp-block-image size-large\"><img decoding=\"async\" width=\"1024\" height=\"683\" data-id=\"10206\" src=\"https:\/\/www.hanaromarkt.de\/wp-content\/uploads\/2023\/06\/IMG_5382-1024x683.jpg\" alt=\"\" class=\"wp-image-10206\" srcset=\"https:\/\/www.hanaromarkt.de\/wp-content\/uploads\/2023\/06\/IMG_5382-1024x683.jpg 1024w, https:\/\/www.hanaromarkt.de\/wp-content\/uploads\/2023\/06\/IMG_5382-300x200.jpg 300w, https:\/\/www.hanaromarkt.de\/wp-content\/uploads\/2023\/06\/IMG_5382-768x512.jpg 768w, https:\/\/www.hanaromarkt.de\/wp-content\/uploads\/2023\/06\/IMG_5382-1536x1024.jpg 1536w, https:\/\/www.hanaromarkt.de\/wp-content\/uploads\/2023\/06\/IMG_5382-2048x1365.jpg 2048w, https:\/\/www.hanaromarkt.de\/wp-content\/uploads\/2023\/06\/IMG_5382-18x12.jpg 18w, https:\/\/www.hanaromarkt.de\/wp-content\/uploads\/2023\/06\/IMG_5382-720x480.jpg 720w\" sizes=\"(max-width: 1024px) 100vw, 1024px\" \/><\/figure>\n\n\n\n<figure class=\"wp-block-image size-large\"><img loading=\"lazy\" decoding=\"async\" width=\"1024\" height=\"683\" data-id=\"10204\" src=\"https:\/\/www.hanaromarkt.de\/wp-content\/uploads\/2023\/06\/IMG_5376-1024x683.jpg\" alt=\"\" class=\"wp-image-10204\" srcset=\"https:\/\/www.hanaromarkt.de\/wp-content\/uploads\/2023\/06\/IMG_5376-1024x683.jpg 1024w, https:\/\/www.hanaromarkt.de\/wp-content\/uploads\/2023\/06\/IMG_5376-300x200.jpg 300w, https:\/\/www.hanaromarkt.de\/wp-content\/uploads\/2023\/06\/IMG_5376-768x512.jpg 768w, https:\/\/www.hanaromarkt.de\/wp-content\/uploads\/2023\/06\/IMG_5376-1536x1024.jpg 1536w, https:\/\/www.hanaromarkt.de\/wp-content\/uploads\/2023\/06\/IMG_5376-2048x1365.jpg 2048w, https:\/\/www.hanaromarkt.de\/wp-content\/uploads\/2023\/06\/IMG_5376-18x12.jpg 18w, https:\/\/www.hanaromarkt.de\/wp-content\/uploads\/2023\/06\/IMG_5376-720x480.jpg 720w\" sizes=\"(max-width: 1024px) 100vw, 1024px\" \/><\/figure>\n\n\n\n<figure class=\"wp-block-image size-large\"><img loading=\"lazy\" decoding=\"async\" width=\"1024\" height=\"683\" data-id=\"10210\" src=\"https:\/\/www.hanaromarkt.de\/wp-content\/uploads\/2023\/06\/IMG_5383-1024x683.jpg\" alt=\"\" class=\"wp-image-10210\" srcset=\"https:\/\/www.hanaromarkt.de\/wp-content\/uploads\/2023\/06\/IMG_5383-1024x683.jpg 1024w, https:\/\/www.hanaromarkt.de\/wp-content\/uploads\/2023\/06\/IMG_5383-300x200.jpg 300w, https:\/\/www.hanaromarkt.de\/wp-content\/uploads\/2023\/06\/IMG_5383-768x512.jpg 768w, https:\/\/www.hanaromarkt.de\/wp-content\/uploads\/2023\/06\/IMG_5383-1536x1024.jpg 1536w, https:\/\/www.hanaromarkt.de\/wp-content\/uploads\/2023\/06\/IMG_5383-2048x1365.jpg 2048w, https:\/\/www.hanaromarkt.de\/wp-content\/uploads\/2023\/06\/IMG_5383-18x12.jpg 18w, https:\/\/www.hanaromarkt.de\/wp-content\/uploads\/2023\/06\/IMG_5383-720x480.jpg 720w\" sizes=\"(max-width: 1024px) 100vw, 1024px\" \/><\/figure>\n<\/figure>\n\n\n\n<p><\/p>\n\n\n\n<figure class=\"wp-block-image size-full is-resized\"><img loading=\"lazy\" decoding=\"async\" width=\"1000\" height=\"608\" src=\"https:\/\/www.hanaromarkt.de\/wp-content\/uploads\/2023\/06\/A00.png\" alt=\"\" class=\"wp-image-10060\" style=\"width:1171px;height:auto\" srcset=\"https:\/\/www.hanaromarkt.de\/wp-content\/uploads\/2023\/06\/A00.png 1000w, https:\/\/www.hanaromarkt.de\/wp-content\/uploads\/2023\/06\/A00-300x182.png 300w, https:\/\/www.hanaromarkt.de\/wp-content\/uploads\/2023\/06\/A00-768x467.png 768w, https:\/\/www.hanaromarkt.de\/wp-content\/uploads\/2023\/06\/A00-18x12.png 18w, https:\/\/www.hanaromarkt.de\/wp-content\/uploads\/2023\/06\/A00-720x438.png 720w\" sizes=\"(max-width: 1000px) 100vw, 1000px\" \/><\/figure>","protected":false},"excerpt":{"rendered":"<p>Sind Sie an multikultureller, asiatischer K\u00fcche und einzigartigen Zutaten interessiert? In unserer Ecke f\u00fcr asiatische Lebensmittel bieten wir eine Vielzahl von Zutaten und Spezialit\u00e4ten aus verschiedenen L\u00e4ndern Asiens an.\u00a0 Entdecken Sie im HANARO MARKT verschiedene Sorten an So\u00dfen und Gew\u00fcrzen, (Instant-)Nudeln, frische Lebensmittel sowie Tiefk\u00fchlprodukte. Besuchen Sie unsere Ecke f\u00fcr asiatische Lebensmittel und entdecken Sie&hellip;&nbsp;<a href=\"https:\/\/www.hanaromarkt.de\/en\/asiatische-lebensmittel\/\" class=\"\" rel=\"bookmark\">Read More &raquo;<span class=\"screen-reader-text\">Asian food<\/span><\/a><\/p>","protected":false},"author":1,"featured_media":10212,"parent":0,"menu_order":0,"comment_status":"closed","ping_status":"closed","template":"","meta":{"neve_meta_sidebar":"","neve_meta_container":"","neve_meta_enable_content_width":"","neve_meta_content_width":0,"neve_meta_title_alignment":"","neve_meta_author_avatar":"","neve_post_elements_order":"","neve_meta_disable_header":"","neve_meta_disable_footer":"","neve_meta_disable_title":"","footnotes":""},"class_list":["post-9494","page","type-page","status-publish","has-post-thumbnail","hentry"],"_links":{"self":[{"href":"https:\/\/www.hanaromarkt.de\/en\/wp-json\/wp\/v2\/pages\/9494","targetHints":{"allow":["GET"]}}],"collection":[{"href":"https:\/\/www.hanaromarkt.de\/en\/wp-json\/wp\/v2\/pages"}],"about":[{"href":"https:\/\/www.hanaromarkt.de\/en\/wp-json\/wp\/v2\/types\/page"}],"author":[{"embeddable":true,"href":"https:\/\/www.hanaromarkt.de\/en\/wp-json\/wp\/v2\/users\/1"}],"replies":[{"embeddable":true,"href":"https:\/\/www.hanaromarkt.de\/en\/wp-json\/wp\/v2\/comments?post=9494"}],"version-history":[{"count":17,"href":"https:\/\/www.hanaromarkt.de\/en\/wp-json\/wp\/v2\/pages\/9494\/revisions"}],"predecessor-version":[{"id":11751,"href":"https:\/\/www.hanaromarkt.de\/en\/wp-json\/wp\/v2\/pages\/9494\/revisions\/11751"}],"wp:featuredmedia":[{"embeddable":true,"href":"https:\/\/www.hanaromarkt.de\/en\/wp-json\/wp\/v2\/media\/10212"}],"wp:attachment":[{"href":"https:\/\/www.hanaromarkt.de\/en\/wp-json\/wp\/v2\/media?parent=9494"}],"curies":[{"name":"wp","href":"https:\/\/api.w.org\/{rel}","templated":true}]}}