{"id":9512,"date":"2023-03-13T23:24:36","date_gmt":"2023-03-13T14:24:36","guid":{"rendered":"http:\/\/s694298099.online.de\/wordpress\/?page_id=9512"},"modified":"2026-02-02T21:18:05","modified_gmt":"2026-02-02T12:18:05","slug":"hanaro-markt","status":"publish","type":"page","link":"https:\/\/www.hanaromarkt.de\/en\/hanaro-markt\/","title":{"rendered":"HANARO MARKT"},"content":{"rendered":"<div data-elementor-type=\"wp-page\" data-elementor-id=\"9512\" class=\"elementor elementor-9512\" data-elementor-post-type=\"page\">\n\t\t\t\t<div class=\"elementor-element elementor-element-10aefdc9 e-flex e-con-boxed e-con e-parent\" data-id=\"10aefdc9\" data-element_type=\"container\" data-e-type=\"container\">\n\t\t\t\t\t<div class=\"e-con-inner\">\n\t\t\t\t<div class=\"elementor-element elementor-element-2efdfce2 elementor-widget elementor-widget-text-editor\" data-id=\"2efdfce2\" data-element_type=\"widget\" data-e-type=\"widget\" data-widget_type=\"text-editor.default\">\n\t\t\t\t<div class=\"elementor-widget-container\">\n\t\t\t\t\t\t\t\t\t<p><\/p>\n<figure><img decoding=\"async\" style=\"width: 1169px; height: auto;\" src=\"https:\/\/www.hanaromarkt.de\/wp-content\/uploads\/2023\/06\/h111-1024x523.png\" alt=\"\" \/><\/figure>\n<p>\u00a0<\/p>\n<p><span style=\"text-align: var(--text-align); background-color: var(--nv-site-bg); color: var(--nv-text-color); font-family: var(--bodyfontfamily),var(--nv-fallback-ff); font-size: var(--bodyfontsize); font-weight: var(--bodyfontweight); letter-spacing: var(--bodyletterspacing); text-transform: var(--bodytexttransform);\">Kommen Sie in unseren &#8222;Hanaro Markt&#8220; in D\u00fcsseldorf, Immermannstra\u00dfe 45c im Deutsch-Japanischen Zentrum.<\/span><\/p>\n<p>Hier finden Sie eine gro\u00dfe Auswahl an asiatischen Lebensmitteln sowie frisch zubereitetem Convenience Food, wie Kimchi und Sushi, f\u00fcr zu Hause oder den kleinen Hunger zwischendurch.<\/p>\n<p><strong>Wir freuen uns auf Ihren Besuch!<\/strong><\/p>\n<p><\/p>\n<p><\/p>\n<p><\/p>\t\t\t\t\t\t\t\t<\/div>\n\t\t\t\t<\/div>\n\t\t\t\t\t<\/div>\n\t\t\t\t<\/div>\n\t\t<div class=\"elementor-element elementor-element-06b67a5 e-con-full e-flex e-con e-parent\" data-id=\"06b67a5\" data-element_type=\"container\" data-e-type=\"container\">\n\t\t\t\t<div class=\"elementor-element elementor-element-8859ef7 elementor-widget elementor-widget-image\" data-id=\"8859ef7\" data-element_type=\"widget\" data-e-type=\"widget\" data-widget_type=\"image.default\">\n\t\t\t\t<div class=\"elementor-widget-container\">\n\t\t\t\t\t\t\t\t\t\t\t\t\t\t\t<img fetchpriority=\"high\" decoding=\"async\" width=\"1024\" height=\"683\" src=\"https:\/\/www.hanaromarkt.de\/wp-content\/uploads\/2024\/03\/\ud558\ub098\ub85c\ub9c8\ud2b8-\ubaa8\ub378\uc608\uc2dc-1-1024x683.png\" class=\"attachment-large size-large wp-image-11827\" alt=\"\" srcset=\"https:\/\/www.hanaromarkt.de\/wp-content\/uploads\/2024\/03\/\ud558\ub098\ub85c\ub9c8\ud2b8-\ubaa8\ub378\uc608\uc2dc-1-1024x683.png 1024w, https:\/\/www.hanaromarkt.de\/wp-content\/uploads\/2024\/03\/\ud558\ub098\ub85c\ub9c8\ud2b8-\ubaa8\ub378\uc608\uc2dc-1-300x200.png 300w, https:\/\/www.hanaromarkt.de\/wp-content\/uploads\/2024\/03\/\ud558\ub098\ub85c\ub9c8\ud2b8-\ubaa8\ub378\uc608\uc2dc-1-768x512.png 768w, https:\/\/www.hanaromarkt.de\/wp-content\/uploads\/2024\/03\/\ud558\ub098\ub85c\ub9c8\ud2b8-\ubaa8\ub378\uc608\uc2dc-1-930x620.png 930w, https:\/\/www.hanaromarkt.de\/wp-content\/uploads\/2024\/03\/\ud558\ub098\ub85c\ub9c8\ud2b8-\ubaa8\ub378\uc608\uc2dc-1.png 1500w\" sizes=\"(max-width: 1024px) 100vw, 1024px\" \/>\t\t\t\t\t\t\t\t\t\t\t\t\t\t\t<\/div>\n\t\t\t\t<\/div>\n\t\t\t\t<div class=\"elementor-element elementor-element-9cb7895 elementor-widget elementor-widget-text-editor\" data-id=\"9cb7895\" data-element_type=\"widget\" data-e-type=\"widget\" data-widget_type=\"text-editor.default\">\n\t\t\t\t<div class=\"elementor-widget-container\">\n\t\t\t\t\t\t\t\t\t<p>Unsere \u00d6ffnungszeiten sind:<\/p>\n<p>Mo\u2013Fr 9:30\u201320:00, Sa 9:30-21:00<\/p>\n<p><strong>Tel.: 0211 &#8211; 36 99 22<\/strong><\/p>\n<p><strong>Wo?:\u00a0<\/strong><strong>Immermannstra\u00dfe 45c\u00a0<\/strong><\/p>\n<p><strong>(Eingang Ecke Friedrich-Ebert Str.24 \/ Charlottenstr. 51 im Deutsch-Japanischen Center \/<\/strong><\/p>\n<p><strong>R\u00fcckseite\u00a0Clayton\u00a0Hotel)\u00a0<\/strong><strong>in 40210 D\u00fcsseldorf\u00a0<\/strong><\/p>\n<p><strong>\u00a0<\/strong><\/p>\n<p>Besuchen Sie auch die Hanaro Fisch\u2013und Fleischtheke!<\/p>\n<p>Frische und g\u00fcnstige Zubereitung von Fisch- und Fleisch bei bester Qualit\u00e4t durch unsere Spezialit\u00e4tenk\u00f6che!<\/p>\n<p>Ge\u00f6ffnet von Dienstag &#8211; Samstag von 9.30 bis 20.00 Uhr. (Montag Ruhetag der Fisch- und Fleischtheke)<\/p>\n<p><strong>\u00a0<\/strong><\/p>\t\t\t\t\t\t\t\t<\/div>\n\t\t\t\t<\/div>\n\t\t\t\t<\/div>\n\t\t\t\t<\/div>","protected":false},"excerpt":{"rendered":"<p>Unsere \u00d6ffnungszeiten sind: Mo\u2013Fr 9:30\u201320:00, Sa 9:30-21:00 Tel.: 0211 &#8211; 36 99 22 Wo?:\u00a0Immermannstra\u00dfe 45c\u00a0 (Eingang Ecke Friedrich-Ebert Str.24 \/ Charlottenstr. 51 im Deutsch-Japanischen Center \/ R\u00fcckseite\u00a0Clayton\u00a0Hotel)\u00a0in 40210 D\u00fcsseldorf\u00a0 \u00a0 Besuchen Sie auch die Hanaro Fisch\u2013und Fleischtheke! Frische und g\u00fcnstige Zubereitung von Fisch- und Fleisch bei bester Qualit\u00e4t durch unsere Spezialit\u00e4tenk\u00f6che! Ge\u00f6ffnet von Dienstag &#8211;&hellip;&nbsp;<a href=\"https:\/\/www.hanaromarkt.de\/en\/hanaro-markt\/\" class=\"\" rel=\"bookmark\">Read More &raquo;<span class=\"screen-reader-text\">HANARO MARKT<\/span><\/a><\/p>","protected":false},"author":1,"featured_media":0,"parent":0,"menu_order":0,"comment_status":"closed","ping_status":"closed","template":"","meta":{"neve_meta_sidebar":"","neve_meta_container":"","neve_meta_enable_content_width":"","neve_meta_content_width":0,"neve_meta_title_alignment":"","neve_meta_author_avatar":"","neve_post_elements_order":"","neve_meta_disable_header":"","neve_meta_disable_footer":"","neve_meta_disable_title":"","footnotes":""},"class_list":["post-9512","page","type-page","status-publish","hentry"],"_links":{"self":[{"href":"https:\/\/www.hanaromarkt.de\/en\/wp-json\/wp\/v2\/pages\/9512","targetHints":{"allow":["GET"]}}],"collection":[{"href":"https:\/\/www.hanaromarkt.de\/en\/wp-json\/wp\/v2\/pages"}],"about":[{"href":"https:\/\/www.hanaromarkt.de\/en\/wp-json\/wp\/v2\/types\/page"}],"author":[{"embeddable":true,"href":"https:\/\/www.hanaromarkt.de\/en\/wp-json\/wp\/v2\/users\/1"}],"replies":[{"embeddable":true,"href":"https:\/\/www.hanaromarkt.de\/en\/wp-json\/wp\/v2\/comments?post=9512"}],"version-history":[{"count":37,"href":"https:\/\/www.hanaromarkt.de\/en\/wp-json\/wp\/v2\/pages\/9512\/revisions"}],"predecessor-version":[{"id":12431,"href":"https:\/\/www.hanaromarkt.de\/en\/wp-json\/wp\/v2\/pages\/9512\/revisions\/12431"}],"wp:attachment":[{"href":"https:\/\/www.hanaromarkt.de\/en\/wp-json\/wp\/v2\/media?parent=9512"}],"curies":[{"name":"wp","href":"https:\/\/api.w.org\/{rel}","templated":true}]}}